{"id":9289,"date":"2025-09-16T17:20:12","date_gmt":"2025-09-16T09:20:12","guid":{"rendered":"https:\/\/progolas.com\/?page_id=9289"},"modified":"2025-09-18T11:42:49","modified_gmt":"2025-09-18T03:42:49","slug":"b2b-topdan-oxumaq-lazimdir","status":"publish","type":"page","link":"https:\/\/progolas.com\/az\/b2b-topdan-oxumaq-lazimdir\/","title":{"rendered":"B2B Topdan Sat\u0131\u015f M\u00fctl\u0259q Oxumal\u0131"},"content":{"rendered":"<div data-elementor-type=\"wp-page\" data-elementor-id=\"9289\" class=\"elementor elementor-9289\" data-elementor-post-type=\"page\">\n\t\t\t\t<div class=\"elementor-element elementor-element-add5bbf e-flex e-con-boxed e-con e-parent\" data-id=\"add5bbf\" data-element_type=\"container\" data-e-type=\"container\" data-settings=\"{&quot;background_background&quot;:&quot;classic&quot;}\">\n\t\t\t\t\t<div class=\"e-con-inner\">\n\t\t\t\t<div class=\"elementor-element elementor-element-c08b82d elementor-widget elementor-widget-heading\" data-id=\"c08b82d\" data-element_type=\"widget\" data-e-type=\"widget\" data-widget_type=\"heading.default\">\n\t\t\t\t<div class=\"elementor-widget-container\">\n\t\t\t\t\t<h2 class=\"elementor-heading-title elementor-size-default\">Pergola Topdan v\u0259 Sat\u0131c\u0131 Resurslar\u0131 | ProGolas B2B<\/h2>\t\t\t\t<\/div>\n\t\t\t\t<\/div>\n\t\t\t\t<div class=\"elementor-element elementor-element-b9702db elementor-widget elementor-widget-text-editor\" data-id=\"b9702db\" data-element_type=\"widget\" data-e-type=\"widget\" data-widget_type=\"text-editor.default\">\n\t\t\t\t<div class=\"elementor-widget-container\">\n\t\t\t\t\t\t\t\t\t<p style=\"text-align: center;\">ProGolas il\u0259 biznesinizi inki\u015faf etdirin.<\/p><p style=\"text-align: center;\">B2B bloqumuz perqola dilerl\u0259ri \u00fc\u00e7\u00fcn sat\u0131\u015f, qura\u015fd\u0131rma v\u0259 marketinq \u00fczr\u0259 vacib m\u0259sl\u0259h\u0259tl\u0259r t\u0259qdim edir. Bu g\u00fcn t\u0259r\u0259fda\u015f ol!<\/p>\t\t\t\t\t\t\t\t<\/div>\n\t\t\t\t<\/div>\n\t\t\t\t\t<\/div>\n\t\t\t\t<\/div>\n\t\t<div class=\"elementor-element elementor-element-dfc540a e-flex e-con-boxed e-con e-parent\" data-id=\"dfc540a\" data-element_type=\"container\" data-e-type=\"container\">\n\t\t\t\t\t<div class=\"e-con-inner\">\n\t\t\t\t<div class=\"elementor-element elementor-element-ecfe8a9 elementor-grid-3 elementor-grid-tablet-2 elementor-grid-mobile-1 elementor-posts--thumbnail-top elementor-widget elementor-widget-posts\" data-id=\"ecfe8a9\" data-element_type=\"widget\" data-e-type=\"widget\" data-settings=\"{&quot;classic_columns&quot;:&quot;3&quot;,&quot;classic_columns_tablet&quot;:&quot;2&quot;,&quot;classic_columns_mobile&quot;:&quot;1&quot;,&quot;classic_row_gap&quot;:{&quot;unit&quot;:&quot;px&quot;,&quot;size&quot;:35,&quot;sizes&quot;:[]},&quot;classic_row_gap_tablet&quot;:{&quot;unit&quot;:&quot;px&quot;,&quot;size&quot;:&quot;&quot;,&quot;sizes&quot;:[]},&quot;classic_row_gap_mobile&quot;:{&quot;unit&quot;:&quot;px&quot;,&quot;size&quot;:&quot;&quot;,&quot;sizes&quot;:[]}}\" data-widget_type=\"posts.classic\">\n\t\t\t\t<div class=\"elementor-widget-container\">\n\t\t\t\t\t\t\t<div class=\"elementor-posts-container elementor-posts elementor-posts--skin-classic elementor-grid\" role=\"list\">\n\t\t\t\t<article class=\"elementor-post elementor-grid-item post-10704 post type-post status-publish format-standard has-post-thumbnail hentry category-b2b-resources\" role=\"listitem\">\n\t\t\t\t<a class=\"elementor-post__thumbnail__link\" href=\"https:\/\/progolas.com\/az\/progolas-distribyutoru-olmaq\/\" tabindex=\"-1\" >\n\t\t\t<div class=\"elementor-post__thumbnail\"><img fetchpriority=\"high\" decoding=\"async\" width=\"300\" height=\"258\" src=\"https:\/\/progolas.com\/wp-content\/uploads\/2025\/10\/U.S.-Region-e1761890285932-300x258.webp\" class=\"attachment-medium size-medium wp-image-10743\" alt=\"AB\u015e Regionu\" srcset=\"https:\/\/progolas.com\/wp-content\/uploads\/2025\/10\/U.S.-Region-e1761890285932-300x258.webp 300w, https:\/\/progolas.com\/wp-content\/uploads\/2025\/10\/U.S.-Region-e1761890285932-768x660.webp 768w, https:\/\/progolas.com\/wp-content\/uploads\/2025\/10\/U.S.-Region-e1761890285932-14x12.webp 14w, https:\/\/progolas.com\/wp-content\/uploads\/2025\/10\/U.S.-Region-e1761890285932.webp 1024w\" sizes=\"(max-width: 300px) 100vw, 300px\" \/><\/div>\n\t\t<\/a>\n\t\t\t\t<div class=\"elementor-post__text\">\n\t\t\t\t<h3 class=\"elementor-post__title\">\n\t\t\t<a href=\"https:\/\/progolas.com\/az\/progolas-distribyutoru-olmaq\/\" >\n\t\t\t\tProgolas Distribyutoru ol - AB\u015e\t\t\t<\/a>\n\t\t<\/h3>\n\t\t\t\t<div class=\"elementor-post__meta-data\">\n\t\t\t\t\t<span class=\"elementor-post-date\">\n\t\t\t2025-10-31\t\t<\/span>\n\t\t\t\t<\/div>\n\t\t\t\t\t<div class=\"elementor-post__read-more-wrapper\">\n\t\t\n\t\t<a class=\"elementor-post__read-more\" href=\"https:\/\/progolas.com\/az\/progolas-distribyutoru-olmaq\/\" aria-label=\"Progolas Distribyutoru ol - AB\u015e haqq\u0131nda \u0259trafl\u0131 oxuyun\" tabindex=\"-1\" >\n\t\t\t\u018ftrafl\u0131 oxu \u00bb\t\t<\/a>\n\n\t\t\t\t\t<\/div>\n\t\t\t\t<\/div>\n\t\t\t\t<\/article>\n\t\t\t\t<article class=\"elementor-post elementor-grid-item post-10636 post type-post status-publish format-standard has-post-thumbnail hentry category-b2b-resources\" role=\"listitem\">\n\t\t\t\t<a class=\"elementor-post__thumbnail__link\" href=\"https:\/\/progolas.com\/az\/aluminium-pergola-distribyutor-b%c9%99l%c9%99dcisi\/\" tabindex=\"-1\" >\n\t\t\t<div class=\"elementor-post__thumbnail\"><img decoding=\"async\" width=\"300\" height=\"254\" src=\"https:\/\/progolas.com\/wp-content\/uploads\/2025\/10\/2025\u20132035-Upward-Trend-e1761876907795-300x254.webp\" class=\"attachment-medium size-medium wp-image-10712\" alt=\"2025\u20132035: Yuxar\u0131 Trend\" srcset=\"https:\/\/progolas.com\/wp-content\/uploads\/2025\/10\/2025\u20132035-Upward-Trend-e1761876907795-300x254.webp 300w, https:\/\/progolas.com\/wp-content\/uploads\/2025\/10\/2025\u20132035-Upward-Trend-e1761876907795-768x650.webp 768w, https:\/\/progolas.com\/wp-content\/uploads\/2025\/10\/2025\u20132035-Upward-Trend-e1761876907795-14x12.webp 14w, https:\/\/progolas.com\/wp-content\/uploads\/2025\/10\/2025\u20132035-Upward-Trend-e1761876907795.webp 1024w\" sizes=\"(max-width: 300px) 100vw, 300px\" \/><\/div>\n\t\t<\/a>\n\t\t\t\t<div class=\"elementor-post__text\">\n\t\t\t\t<h3 class=\"elementor-post__title\">\n\t\t\t<a href=\"https:\/\/progolas.com\/az\/aluminium-pergola-distribyutor-b%c9%99l%c9%99dcisi\/\" >\n\t\t\t\tAl\u00fcminium Pergola Distribyutor B\u0259l\u0259d\u00e7isi - Progolas (2025)\t\t\t<\/a>\n\t\t<\/h3>\n\t\t\t\t<div class=\"elementor-post__meta-data\">\n\t\t\t\t\t<span class=\"elementor-post-date\">\n\t\t\t2025-10-31\t\t<\/span>\n\t\t\t\t<\/div>\n\t\t\t\t\t<div class=\"elementor-post__read-more-wrapper\">\n\t\t\n\t\t<a class=\"elementor-post__read-more\" href=\"https:\/\/progolas.com\/az\/aluminium-pergola-distribyutor-b%c9%99l%c9%99dcisi\/\" aria-label=\"Al\u00fcminium Pergola Distribyutor B\u0259l\u0259d\u00e7isi - Progolas (2025) haqq\u0131nda daha \u00e7ox oxuyun\" tabindex=\"-1\" >\n\t\t\t\u018ftrafl\u0131 oxu \u00bb\t\t<\/a>\n\n\t\t\t\t\t<\/div>\n\t\t\t\t<\/div>\n\t\t\t\t<\/article>\n\t\t\t\t<article class=\"elementor-post elementor-grid-item post-6011 post type-post status-publish format-standard has-post-thumbnail hentry category-b2b-resources category-b2c-resources\" role=\"listitem\">\n\t\t\t\t<a class=\"elementor-post__thumbnail__link\" href=\"https:\/\/progolas.com\/az\/pergola-qurasdirma-t%c9%99limati-2115\/\" tabindex=\"-1\" >\n\t\t\t<div class=\"elementor-post__thumbnail\"><img decoding=\"async\" width=\"300\" height=\"225\" src=\"https:\/\/progolas.com\/wp-content\/uploads\/2024\/08\/3-1-300x225.png\" class=\"attachment-medium size-medium wp-image-750\" alt=\"Pergola Qura\u015fd\u0131rma B\u0259l\u0259d\u00e7isi\" srcset=\"https:\/\/progolas.com\/wp-content\/uploads\/2024\/08\/3-1-300x225.png 300w, https:\/\/progolas.com\/wp-content\/uploads\/2024\/08\/3-1-768x576.png 768w, https:\/\/progolas.com\/wp-content\/uploads\/2024\/08\/3-1-600x450.png 600w, https:\/\/progolas.com\/wp-content\/uploads\/2024\/08\/3-1.png 840w\" sizes=\"(max-width: 300px) 100vw, 300px\" \/><\/div>\n\t\t<\/a>\n\t\t\t\t<div class=\"elementor-post__text\">\n\t\t\t\t<h3 class=\"elementor-post__title\">\n\t\t\t<a href=\"https:\/\/progolas.com\/az\/pergola-qurasdirma-t%c9%99limati-2115\/\" >\n\t\t\t\tProgolas-2115 Pergola Qura\u015fd\u0131rma B\u0259l\u0259d\u00e7isi\t\t\t<\/a>\n\t\t<\/h3>\n\t\t\t\t<div class=\"elementor-post__meta-data\">\n\t\t\t\t\t<span class=\"elementor-post-date\">\n\t\t\t2025-09-12\t\t<\/span>\n\t\t\t\t<\/div>\n\t\t\t\t\t<div class=\"elementor-post__read-more-wrapper\">\n\t\t\n\t\t<a class=\"elementor-post__read-more\" href=\"https:\/\/progolas.com\/az\/pergola-qurasdirma-t%c9%99limati-2115\/\" aria-label=\"Progolas-2115 Pergola Qura\u015fd\u0131rma B\u0259l\u0259d\u00e7isi haqq\u0131nda \u0259trafl\u0131 oxuyun\" tabindex=\"-1\" >\n\t\t\t\u018ftrafl\u0131 oxu \u00bb\t\t<\/a>\n\n\t\t\t\t\t<\/div>\n\t\t\t\t<\/div>\n\t\t\t\t<\/article>\n\t\t\t\t<article class=\"elementor-post elementor-grid-item post-7458 post type-post status-publish format-standard has-post-thumbnail hentry category-b2b-resources category-b2c-resources\" role=\"listitem\">\n\t\t\t\t<a class=\"elementor-post__thumbnail__link\" href=\"https:\/\/progolas.com\/az\/ilk-d%c9%99f%c9%99-alicilar-ucun-bir-perqolani-nec%c9%99-idxal-etm%c9%99k-v%c9%99-gomrukd%c9%99n-kecm%c9%99k-ucun-addim-addim-t%c9%99limat\/\" tabindex=\"-1\" >\n\t\t\t<div class=\"elementor-post__thumbnail\"><img loading=\"lazy\" decoding=\"async\" width=\"300\" height=\"200\" src=\"https:\/\/progolas.com\/wp-content\/uploads\/2025\/07\/courier-industry-term-customs-clearance-clearance-cargo-border-upon-delivery-including-taxes-300x200.jpg\" class=\"attachment-medium size-medium wp-image-7465\" alt=\"Kuryer S\u0259nayesi M\u00fcdd\u0259tli g\u00f6mr\u00fck r\u0259smil\u0259\u015fdirilm\u0259si. Vergil\u0259r daxil olmaqla y\u00fck\u00fcn \u00e7atd\u0131r\u0131lma zaman\u0131 s\u0259rh\u0259dd\u0259 r\u0259smil\u0259\u015fdirilm\u0259si.\" srcset=\"https:\/\/progolas.com\/wp-content\/uploads\/2025\/07\/courier-industry-term-customs-clearance-clearance-cargo-border-upon-delivery-including-taxes-300x200.jpg 300w, https:\/\/progolas.com\/wp-content\/uploads\/2025\/07\/courier-industry-term-customs-clearance-clearance-cargo-border-upon-delivery-including-taxes-1024x683.jpg 1024w, https:\/\/progolas.com\/wp-content\/uploads\/2025\/07\/courier-industry-term-customs-clearance-clearance-cargo-border-upon-delivery-including-taxes-768x512.jpg 768w, https:\/\/progolas.com\/wp-content\/uploads\/2025\/07\/courier-industry-term-customs-clearance-clearance-cargo-border-upon-delivery-including-taxes-1536x1024.jpg 1536w, https:\/\/progolas.com\/wp-content\/uploads\/2025\/07\/courier-industry-term-customs-clearance-clearance-cargo-border-upon-delivery-including-taxes-2048x1365.jpg 2048w, https:\/\/progolas.com\/wp-content\/uploads\/2025\/07\/courier-industry-term-customs-clearance-clearance-cargo-border-upon-delivery-including-taxes-18x12.jpg 18w\" sizes=\"(max-width: 300px) 100vw, 300px\" \/><\/div>\n\t\t<\/a>\n\t\t\t\t<div class=\"elementor-post__text\">\n\t\t\t\t<h3 class=\"elementor-post__title\">\n\t\t\t<a href=\"https:\/\/progolas.com\/az\/ilk-d%c9%99f%c9%99-alicilar-ucun-bir-perqolani-nec%c9%99-idxal-etm%c9%99k-v%c9%99-gomrukd%c9%99n-kecm%c9%99k-ucun-addim-addim-t%c9%99limat\/\" >\n\t\t\t\tPergolan\u0131 nec\u0259 idxal etm\u0259k v\u0259 g\u00f6mr\u00fckl\u0259ri t\u0259mizl\u0259m\u0259k: \u0130lk d\u0259f\u0259 al\u0131c\u0131lar \u00fc\u00e7\u00fcn add\u0131m-add\u0131m t\u0259limat\t\t\t<\/a>\n\t\t<\/h3>\n\t\t\t\t<div class=\"elementor-post__meta-data\">\n\t\t\t\t\t<span class=\"elementor-post-date\">\n\t\t\t2025-07-21\t\t<\/span>\n\t\t\t\t<\/div>\n\t\t\t\t\t<div class=\"elementor-post__read-more-wrapper\">\n\t\t\n\t\t<a class=\"elementor-post__read-more\" href=\"https:\/\/progolas.com\/az\/ilk-d%c9%99f%c9%99-alicilar-ucun-bir-perqolani-nec%c9%99-idxal-etm%c9%99k-v%c9%99-gomrukd%c9%99n-kecm%c9%99k-ucun-addim-addim-t%c9%99limat\/\" aria-label=\"Perqolan\u0131 nec\u0259 idxal etm\u0259k v\u0259 g\u00f6mr\u00fckl\u0259ri t\u0259mizl\u0259m\u0259k haqq\u0131nda daha \u00e7ox oxuyun: \u0130lk d\u0259f\u0259 al\u0131c\u0131lar \u00fc\u00e7\u00fcn add\u0131m-add\u0131m t\u0259limat\" tabindex=\"-1\" >\n\t\t\t\u018ftrafl\u0131 oxu \u00bb\t\t<\/a>\n\n\t\t\t\t\t<\/div>\n\t\t\t\t<\/div>\n\t\t\t\t<\/article>\n\t\t\t\t<article class=\"elementor-post elementor-grid-item post-7296 post type-post status-publish format-standard has-post-thumbnail hentry category-b2b-resources\" role=\"listitem\">\n\t\t\t\t<a class=\"elementor-post__thumbnail__link\" href=\"https:\/\/progolas.com\/az\/insaatcilar-ucun-perqola-sistemi-x%c9%99rcl%c9%99ri-artiraraq-s%c9%99m%c9%99r%c9%99liliyi-azaldir\/\" tabindex=\"-1\" >\n\t\t\t<div class=\"elementor-post__thumbnail\"><img loading=\"lazy\" decoding=\"async\" width=\"300\" height=\"225\" src=\"https:\/\/progolas.com\/wp-content\/uploads\/2025\/07\/1-4-300x225.png\" class=\"attachment-medium size-medium wp-image-7375\" alt=\"\u0130n\u015faat\u00e7\u0131lar \u00fc\u00e7\u00fcn Pergola Sistemi\" srcset=\"https:\/\/progolas.com\/wp-content\/uploads\/2025\/07\/1-4-300x225.png 300w, https:\/\/progolas.com\/wp-content\/uploads\/2025\/07\/1-4-1024x768.png 1024w, https:\/\/progolas.com\/wp-content\/uploads\/2025\/07\/1-4-768x576.png 768w, https:\/\/progolas.com\/wp-content\/uploads\/2025\/07\/1-4-16x12.png 16w, https:\/\/progolas.com\/wp-content\/uploads\/2025\/07\/1-4.png 1536w\" sizes=\"(max-width: 300px) 100vw, 300px\" \/><\/div>\n\t\t<\/a>\n\t\t\t\t<div class=\"elementor-post__text\">\n\t\t\t\t<h3 class=\"elementor-post__title\">\n\t\t\t<a href=\"https:\/\/progolas.com\/az\/insaatcilar-ucun-perqola-sistemi-x%c9%99rcl%c9%99ri-artiraraq-s%c9%99m%c9%99r%c9%99liliyi-azaldir\/\" >\n\t\t\t\t\u0130n\u015faat\u00e7\u0131lar \u00fc\u00e7\u00fcn al\u00fcminium perqola sistemi: vaxta, pula v\u0259 stress\u0259 q\u0259na\u0259t etm\u0259yin a\u011f\u0131ll\u0131 yolu\t\t\t<\/a>\n\t\t<\/h3>\n\t\t\t\t<div class=\"elementor-post__meta-data\">\n\t\t\t\t\t<span class=\"elementor-post-date\">\n\t\t\t2025-07-14\t\t<\/span>\n\t\t\t\t<\/div>\n\t\t\t\t\t<div class=\"elementor-post__read-more-wrapper\">\n\t\t\n\t\t<a class=\"elementor-post__read-more\" href=\"https:\/\/progolas.com\/az\/insaatcilar-ucun-perqola-sistemi-x%c9%99rcl%c9%99ri-artiraraq-s%c9%99m%c9%99r%c9%99liliyi-azaldir\/\" aria-label=\"\u0130n\u015faat\u00e7\u0131lar \u00fc\u00e7\u00fcn Al\u00fcminium Perqola Sistemi haqq\u0131nda daha \u00e7ox oxuyun: Vaxt, Pul v\u0259 Stress\u0259 q\u0259na\u0259t etm\u0259yin a\u011f\u0131ll\u0131 yolu\" tabindex=\"-1\" >\n\t\t\t\u018ftrafl\u0131 oxu \u00bb\t\t<\/a>\n\n\t\t\t\t\t<\/div>\n\t\t\t\t<\/div>\n\t\t\t\t<\/article>\n\t\t\t\t<\/div>\n\t\t\n\t\t\t\t\t\t<\/div>\n\t\t\t\t<\/div>\n\t\t\t\t\t<\/div>\n\t\t\t\t<\/div>\n\t\t\t\t<\/div>","protected":false},"excerpt":{"rendered":"<p>Pergola Topdan v\u0259 Sat\u0131c\u0131 Resurslar\u0131 | ProGolas B2B ProGolas il\u0259 biznesinizi inki\u015faf etdirin. B2B bloqumuz perqola dilerl\u0259ri \u00fc\u00e7\u00fcn sat\u0131\u015f, qura\u015fd\u0131rma,<\/p>","protected":false},"author":1,"featured_media":0,"parent":0,"menu_order":0,"comment_status":"closed","ping_status":"closed","template":"","meta":{"_acf_changed":false,"footnotes":""},"class_list":["post-9289","page","type-page","status-publish","hentry"],"acf":[],"_links":{"self":[{"href":"https:\/\/progolas.com\/az\/wp-json\/wp\/v2\/pages\/9289","targetHints":{"allow":["GET"]}}],"collection":[{"href":"https:\/\/progolas.com\/az\/wp-json\/wp\/v2\/pages"}],"about":[{"href":"https:\/\/progolas.com\/az\/wp-json\/wp\/v2\/types\/page"}],"author":[{"embeddable":true,"href":"https:\/\/progolas.com\/az\/wp-json\/wp\/v2\/users\/1"}],"replies":[{"embeddable":true,"href":"https:\/\/progolas.com\/az\/wp-json\/wp\/v2\/comments?post=9289"}],"version-history":[{"count":0,"href":"https:\/\/progolas.com\/az\/wp-json\/wp\/v2\/pages\/9289\/revisions"}],"wp:attachment":[{"href":"https:\/\/progolas.com\/az\/wp-json\/wp\/v2\/media?parent=9289"}],"curies":[{"name":"wp","href":"https:\/\/api.w.org\/{rel}","templated":true}]}}