{"id":8128,"date":"2025-09-16T15:43:51","date_gmt":"2025-09-16T07:43:51","guid":{"rendered":"https:\/\/progolas.com\/?page_id=8128"},"modified":"2025-09-16T15:53:36","modified_gmt":"2025-09-16T07:53:36","slug":"progoly-analyzy-trznich-trendu","status":"publish","type":"page","link":"https:\/\/progolas.com\/cs\/progoly-analyzy-trznich-trendu\/","title":{"rendered":"Anal\u00fdza tr\u017en\u00edch trend\u016f"},"content":{"rendered":"<div data-elementor-type=\"wp-page\" data-elementor-id=\"8128\" class=\"elementor elementor-8128\" data-elementor-post-type=\"page\">\n\t\t\t\t<div class=\"elementor-element elementor-element-06b88fc e-flex e-con-boxed e-con e-parent\" data-id=\"06b88fc\" data-element_type=\"container\" data-e-type=\"container\" data-settings=\"{&quot;background_background&quot;:&quot;classic&quot;}\">\n\t\t\t\t\t<div class=\"e-con-inner\">\n\t\t\t\t<div class=\"elementor-element elementor-element-74330ac elementor-widget elementor-widget-heading\" data-id=\"74330ac\" data-element_type=\"widget\" data-e-type=\"widget\" data-widget_type=\"heading.default\">\n\t\t\t\t<div class=\"elementor-widget-container\">\n\t\t\t\t\t<h2 class=\"elementor-heading-title elementor-size-default\">Anal\u00fdza trend\u016f trhu | ProGolas<\/h2>\t\t\t\t<\/div>\n\t\t\t\t<\/div>\n\t\t\t\t<div class=\"elementor-element elementor-element-282a8f9 elementor-widget elementor-widget-text-editor\" data-id=\"282a8f9\" data-element_type=\"widget\" data-e-type=\"widget\" data-widget_type=\"text-editor.default\">\n\t\t\t\t<div class=\"elementor-widget-container\">\n\t\t\t\t\t\t\t\t\t<p style=\"text-align: center;\">Prozkoumejte hloubkovou anal\u00fdzu glob\u00e1ln\u00edho pr\u016fmyslu pergol.<\/p><p style=\"text-align: center;\">Objevte nejnov\u011bj\u0161\u00ed trendy, udr\u017eiteln\u00e9 designy a tr\u017en\u00ed progn\u00f3zy od odborn\u00edk\u016f z ProGolas.<\/p>\t\t\t\t\t\t\t\t<\/div>\n\t\t\t\t<\/div>\n\t\t\t\t\t<\/div>\n\t\t\t\t<\/div>\n\t\t<div class=\"elementor-element elementor-element-94e555b e-flex e-con-boxed e-con e-parent\" data-id=\"94e555b\" data-element_type=\"container\" data-e-type=\"container\">\n\t\t\t\t\t<div class=\"e-con-inner\">\n\t\t\t\t<div class=\"elementor-element elementor-element-b8b4962 elementor-grid-3 elementor-grid-tablet-2 elementor-grid-mobile-1 elementor-posts--thumbnail-top elementor-widget elementor-widget-posts\" data-id=\"b8b4962\" data-element_type=\"widget\" data-e-type=\"widget\" data-settings=\"{&quot;classic_columns&quot;:&quot;3&quot;,&quot;classic_columns_tablet&quot;:&quot;2&quot;,&quot;classic_columns_mobile&quot;:&quot;1&quot;,&quot;classic_row_gap&quot;:{&quot;unit&quot;:&quot;px&quot;,&quot;size&quot;:35,&quot;sizes&quot;:[]},&quot;classic_row_gap_tablet&quot;:{&quot;unit&quot;:&quot;px&quot;,&quot;size&quot;:&quot;&quot;,&quot;sizes&quot;:[]},&quot;classic_row_gap_mobile&quot;:{&quot;unit&quot;:&quot;px&quot;,&quot;size&quot;:&quot;&quot;,&quot;sizes&quot;:[]}}\" data-widget_type=\"posts.classic\">\n\t\t\t\t<div class=\"elementor-widget-container\">\n\t\t\t\t\t\t\t<div class=\"elementor-posts-container elementor-posts elementor-posts--skin-classic elementor-grid\" role=\"list\">\n\t\t\t\t<article class=\"elementor-post elementor-grid-item post-6480 post type-post status-publish format-standard has-post-thumbnail hentry category-market-analysis-reports\" role=\"listitem\">\n\t\t\t\t<a class=\"elementor-post__thumbnail__link\" href=\"https:\/\/progolas.com\/cs\/zprava-o-pruzkumu-a-analyze-trhu-s-venkovnim-stinenim-v-saudske-arabii-za-obdobi-2025-2030\/\" tabindex=\"-1\" >\n\t\t\t<div class=\"elementor-post__thumbnail\"><img fetchpriority=\"high\" decoding=\"async\" width=\"300\" height=\"225\" src=\"https:\/\/progolas.com\/wp-content\/uploads\/2025\/06\/\u98ce3-300x225.jpg\" class=\"attachment-medium size-medium wp-image-6717\" alt=\"\u98ce3\" srcset=\"https:\/\/progolas.com\/wp-content\/uploads\/2025\/06\/\u98ce3-300x225.jpg 300w, https:\/\/progolas.com\/wp-content\/uploads\/2025\/06\/\u98ce3-1024x768.jpg 1024w, https:\/\/progolas.com\/wp-content\/uploads\/2025\/06\/\u98ce3-768x576.jpg 768w, https:\/\/progolas.com\/wp-content\/uploads\/2025\/06\/\u98ce3-1536x1152.jpg 1536w, https:\/\/progolas.com\/wp-content\/uploads\/2025\/06\/\u98ce3-2048x1536.jpg 2048w, https:\/\/progolas.com\/wp-content\/uploads\/2025\/06\/\u98ce3-16x12.jpg 16w\" sizes=\"(max-width: 300px) 100vw, 300px\" \/><\/div>\n\t\t<\/a>\n\t\t\t\t<div class=\"elementor-post__text\">\n\t\t\t\t<h3 class=\"elementor-post__title\">\n\t\t\t<a href=\"https:\/\/progolas.com\/cs\/zprava-o-pruzkumu-a-analyze-trhu-s-venkovnim-stinenim-v-saudske-arabii-za-obdobi-2025-2030\/\" >\n\t\t\t\tPr\u016fzkum trhu a progn\u00f3za trend\u016f v odv\u011btv\u00ed slune\u010dn\u00edk\u016f v Sa\u00fadsk\u00e9 Ar\u00e1bii (2025\u20132030)\t\t\t<\/a>\n\t\t<\/h3>\n\t\t\t\t<div class=\"elementor-post__meta-data\">\n\t\t\t\t\t<span class=\"elementor-post-date\">\n\t\t\t2025-06-22\t\t<\/span>\n\t\t\t\t<\/div>\n\t\t\t\t\t<div class=\"elementor-post__read-more-wrapper\">\n\t\t\n\t\t<a class=\"elementor-post__read-more\" href=\"https:\/\/progolas.com\/cs\/zprava-o-pruzkumu-a-analyze-trhu-s-venkovnim-stinenim-v-saudske-arabii-za-obdobi-2025-2030\/\" aria-label=\"P\u0159e\u010dt\u011bte si v\u00edce o pr\u016fzkumu trhu se slune\u010dn\u00edky v Sa\u00fadsk\u00e9 Ar\u00e1bii a zpr\u00e1v\u011b o progn\u00f3ze trend\u016f (2025\u20132030)\" tabindex=\"-1\" >\n\t\t\t\u010c\u00edst d\u00e1le \u00bb\t\t<\/a>\n\n\t\t\t\t\t<\/div>\n\t\t\t\t<\/div>\n\t\t\t\t<\/article>\n\t\t\t\t<article class=\"elementor-post elementor-grid-item post-6455 post type-post status-publish format-standard has-post-thumbnail hentry category-market-analysis-reports\" role=\"listitem\">\n\t\t\t\t<a class=\"elementor-post__thumbnail__link\" href=\"https:\/\/progolas.com\/cs\/trendy-na-kanadskem-trhu-se-slunecniky-2025-2030\/\" tabindex=\"-1\" >\n\t\t\t<div class=\"elementor-post__thumbnail\"><img decoding=\"async\" width=\"300\" height=\"200\" src=\"https:\/\/progolas.com\/wp-content\/uploads\/2025\/06\/bioclimatic-pergola-contemporary-aluminium-300x200.jpg\" class=\"attachment-medium size-medium wp-image-5656\" alt=\"bioklimatick\u00e1 pergola z modern\u00edho hlin\u00edku\" srcset=\"https:\/\/progolas.com\/wp-content\/uploads\/2025\/06\/bioclimatic-pergola-contemporary-aluminium-300x200.jpg 300w, https:\/\/progolas.com\/wp-content\/uploads\/2025\/06\/bioclimatic-pergola-contemporary-aluminium-1024x683.jpg 1024w, https:\/\/progolas.com\/wp-content\/uploads\/2025\/06\/bioclimatic-pergola-contemporary-aluminium-768x512.jpg 768w, https:\/\/progolas.com\/wp-content\/uploads\/2025\/06\/bioclimatic-pergola-contemporary-aluminium-1536x1024.jpg 1536w, https:\/\/progolas.com\/wp-content\/uploads\/2025\/06\/bioclimatic-pergola-contemporary-aluminium.jpg 1600w\" sizes=\"(max-width: 300px) 100vw, 300px\" \/><\/div>\n\t\t<\/a>\n\t\t\t\t<div class=\"elementor-post__text\">\n\t\t\t\t<h3 class=\"elementor-post__title\">\n\t\t\t<a href=\"https:\/\/progolas.com\/cs\/trendy-na-kanadskem-trhu-se-slunecniky-2025-2030\/\" >\n\t\t\t\tPr\u016fzkum trhu a progn\u00f3za trend\u016f v odv\u011btv\u00ed slune\u010dn\u00edk\u016f v Kanad\u011b (2025\u20132030)\t\t\t<\/a>\n\t\t<\/h3>\n\t\t\t\t<div class=\"elementor-post__meta-data\">\n\t\t\t\t\t<span class=\"elementor-post-date\">\n\t\t\t2025-06-21\t\t<\/span>\n\t\t\t\t<\/div>\n\t\t\t\t\t<div class=\"elementor-post__read-more-wrapper\">\n\t\t\n\t\t<a class=\"elementor-post__read-more\" href=\"https:\/\/progolas.com\/cs\/trendy-na-kanadskem-trhu-se-slunecniky-2025-2030\/\" aria-label=\"P\u0159e\u010dt\u011bte si v\u00edce o pr\u016fzkumu trhu s kanadsk\u00fdm odv\u011btv\u00edm slune\u010dn\u00edk\u016f a zpr\u00e1v\u011b o progn\u00f3ze trend\u016f (2025\u20132030)\" tabindex=\"-1\" >\n\t\t\t\u010c\u00edst d\u00e1le \u00bb\t\t<\/a>\n\n\t\t\t\t\t<\/div>\n\t\t\t\t<\/div>\n\t\t\t\t<\/article>\n\t\t\t\t<article class=\"elementor-post elementor-grid-item post-5061 post type-post status-publish format-standard has-post-thumbnail hentry category-market-analysis-reports\" role=\"listitem\">\n\t\t\t\t<a class=\"elementor-post__thumbnail__link\" href=\"https:\/\/progolas.com\/cs\/pruzkum-trhu-s-americkymi-slunecniky-zprava-o-trendech-a-prognoze-pro-obdobi-2025-2030\/\" tabindex=\"-1\" >\n\t\t\t<div class=\"elementor-post__thumbnail\"><img decoding=\"async\" width=\"300\" height=\"225\" src=\"https:\/\/progolas.com\/wp-content\/uploads\/2025\/05\/lQDPJw00cLgAkLfNBQDNBquwL7dw6UrfXKEGoxcTaNIlAA_1707_1280-300x225.jpg\" class=\"attachment-medium size-medium wp-image-4980\" alt=\"elektrick\u00e1 pergola na zahrad\u011b domu\" srcset=\"https:\/\/progolas.com\/wp-content\/uploads\/2025\/05\/lQDPJw00cLgAkLfNBQDNBquwL7dw6UrfXKEGoxcTaNIlAA_1707_1280-300x225.jpg 300w, https:\/\/progolas.com\/wp-content\/uploads\/2025\/05\/lQDPJw00cLgAkLfNBQDNBquwL7dw6UrfXKEGoxcTaNIlAA_1707_1280-1024x768.jpg 1024w, https:\/\/progolas.com\/wp-content\/uploads\/2025\/05\/lQDPJw00cLgAkLfNBQDNBquwL7dw6UrfXKEGoxcTaNIlAA_1707_1280-768x576.jpg 768w, https:\/\/progolas.com\/wp-content\/uploads\/2025\/05\/lQDPJw00cLgAkLfNBQDNBquwL7dw6UrfXKEGoxcTaNIlAA_1707_1280-1536x1152.jpg 1536w, https:\/\/progolas.com\/wp-content\/uploads\/2025\/05\/lQDPJw00cLgAkLfNBQDNBquwL7dw6UrfXKEGoxcTaNIlAA_1707_1280.jpg 1707w\" sizes=\"(max-width: 300px) 100vw, 300px\" \/><\/div>\n\t\t<\/a>\n\t\t\t\t<div class=\"elementor-post__text\">\n\t\t\t\t<h3 class=\"elementor-post__title\">\n\t\t\t<a href=\"https:\/\/progolas.com\/cs\/pruzkum-trhu-s-americkymi-slunecniky-zprava-o-trendech-a-prognoze-pro-obdobi-2025-2030\/\" >\n\t\t\t\tZpr\u00e1va o pr\u016fzkumu trhu a progn\u00f3ze trend\u016f v odv\u011btv\u00ed slune\u010dn\u00edk\u016f v USA (2025\u20132030)\t\t\t<\/a>\n\t\t<\/h3>\n\t\t\t\t<div class=\"elementor-post__meta-data\">\n\t\t\t\t\t<span class=\"elementor-post-date\">\n\t\t\t2025-05-20\t\t<\/span>\n\t\t\t\t<\/div>\n\t\t\t\t\t<div class=\"elementor-post__read-more-wrapper\">\n\t\t\n\t\t<a class=\"elementor-post__read-more\" href=\"https:\/\/progolas.com\/cs\/pruzkum-trhu-s-americkymi-slunecniky-zprava-o-trendech-a-prognoze-pro-obdobi-2025-2030\/\" aria-label=\"P\u0159e\u010dt\u011bte si v\u00edce o pr\u016fzkumu trhu s americk\u00fdm odv\u011btv\u00edm slune\u010dn\u00edk\u016f a zpr\u00e1v\u011b o progn\u00f3ze trend\u016f (2025\u20132030)\" tabindex=\"-1\" >\n\t\t\t\u010c\u00edst d\u00e1le \u00bb\t\t<\/a>\n\n\t\t\t\t\t<\/div>\n\t\t\t\t<\/div>\n\t\t\t\t<\/article>\n\t\t\t\t<\/div>\n\t\t\n\t\t\t\t\t\t<\/div>\n\t\t\t\t<\/div>\n\t\t\t\t\t<\/div>\n\t\t\t\t<\/div>\n\t\t\t\t<\/div>","protected":false},"excerpt":{"rendered":"<p>Anal\u00fdza tr\u017en\u00edch trend\u016f | ProGolas Prozkoumejte hloubkovou anal\u00fdzu glob\u00e1ln\u00edho pr\u016fmyslu pergol. Objevte nejnov\u011bj\u0161\u00ed trendy, udr\u017eiteln\u00e9 designy a tr\u017en\u00ed progn\u00f3zy od odborn\u00edk\u016f.<\/p>","protected":false},"author":1,"featured_media":0,"parent":0,"menu_order":0,"comment_status":"closed","ping_status":"closed","template":"","meta":{"_acf_changed":false,"footnotes":""},"class_list":["post-8128","page","type-page","status-publish","hentry"],"acf":[],"_links":{"self":[{"href":"https:\/\/progolas.com\/cs\/wp-json\/wp\/v2\/pages\/8128","targetHints":{"allow":["GET"]}}],"collection":[{"href":"https:\/\/progolas.com\/cs\/wp-json\/wp\/v2\/pages"}],"about":[{"href":"https:\/\/progolas.com\/cs\/wp-json\/wp\/v2\/types\/page"}],"author":[{"embeddable":true,"href":"https:\/\/progolas.com\/cs\/wp-json\/wp\/v2\/users\/1"}],"replies":[{"embeddable":true,"href":"https:\/\/progolas.com\/cs\/wp-json\/wp\/v2\/comments?post=8128"}],"version-history":[{"count":0,"href":"https:\/\/progolas.com\/cs\/wp-json\/wp\/v2\/pages\/8128\/revisions"}],"wp:attachment":[{"href":"https:\/\/progolas.com\/cs\/wp-json\/wp\/v2\/media?parent=8128"}],"curies":[{"name":"wp","href":"https:\/\/api.w.org\/{rel}","templated":true}]}}