{"id":9289,"date":"2025-09-16T17:20:12","date_gmt":"2025-09-16T09:20:12","guid":{"rendered":"https:\/\/progolas.com\/?page_id=9289"},"modified":"2025-09-18T11:42:49","modified_gmt":"2025-09-18T03:42:49","slug":"b2b-velkoobchod-povinne-cteni","status":"publish","type":"page","link":"https:\/\/progolas.com\/cs\/b2b-velkoobchod-povinne-cteni\/","title":{"rendered":"B2B velkoobchodn\u00ed knihy, kter\u00e9 mus\u00edte p\u0159e\u010d\u00edst"},"content":{"rendered":"<div data-elementor-type=\"wp-page\" data-elementor-id=\"9289\" class=\"elementor elementor-9289\" data-elementor-post-type=\"page\">\n\t\t\t\t<div class=\"elementor-element elementor-element-add5bbf e-flex e-con-boxed e-con e-parent\" data-id=\"add5bbf\" data-element_type=\"container\" data-e-type=\"container\" data-settings=\"{&quot;background_background&quot;:&quot;classic&quot;}\">\n\t\t\t\t\t<div class=\"e-con-inner\">\n\t\t\t\t<div class=\"elementor-element elementor-element-c08b82d elementor-widget elementor-widget-heading\" data-id=\"c08b82d\" data-element_type=\"widget\" data-e-type=\"widget\" data-widget_type=\"heading.default\">\n\t\t\t\t<div class=\"elementor-widget-container\">\n\t\t\t\t\t<h2 class=\"elementor-heading-title elementor-size-default\">Velkoobchodn\u00ed prodej pergol a zdroje pro prodejce | ProGolas B2B<\/h2>\t\t\t\t<\/div>\n\t\t\t\t<\/div>\n\t\t\t\t<div class=\"elementor-element elementor-element-b9702db elementor-widget elementor-widget-text-editor\" data-id=\"b9702db\" data-element_type=\"widget\" data-e-type=\"widget\" data-widget_type=\"text-editor.default\">\n\t\t\t\t<div class=\"elementor-widget-container\">\n\t\t\t\t\t\t\t\t\t<p style=\"text-align: center;\">Rozv\u00edjejte sv\u00e9 podnik\u00e1n\u00ed s ProGolasem.<\/p><p style=\"text-align: center;\">N\u00e1\u0161 B2B blog nab\u00edz\u00ed prodejc\u016fm pergol z\u00e1kladn\u00ed tipy pro prodej, instalaci a marketing. Sta\u0148te se partnerem je\u0161t\u011b dnes!<\/p>\t\t\t\t\t\t\t\t<\/div>\n\t\t\t\t<\/div>\n\t\t\t\t\t<\/div>\n\t\t\t\t<\/div>\n\t\t<div class=\"elementor-element elementor-element-dfc540a e-flex e-con-boxed e-con e-parent\" data-id=\"dfc540a\" data-element_type=\"container\" data-e-type=\"container\">\n\t\t\t\t\t<div class=\"e-con-inner\">\n\t\t\t\t<div class=\"elementor-element elementor-element-ecfe8a9 elementor-grid-3 elementor-grid-tablet-2 elementor-grid-mobile-1 elementor-posts--thumbnail-top elementor-widget elementor-widget-posts\" data-id=\"ecfe8a9\" data-element_type=\"widget\" data-e-type=\"widget\" data-settings=\"{&quot;classic_columns&quot;:&quot;3&quot;,&quot;classic_columns_tablet&quot;:&quot;2&quot;,&quot;classic_columns_mobile&quot;:&quot;1&quot;,&quot;classic_row_gap&quot;:{&quot;unit&quot;:&quot;px&quot;,&quot;size&quot;:35,&quot;sizes&quot;:[]},&quot;classic_row_gap_tablet&quot;:{&quot;unit&quot;:&quot;px&quot;,&quot;size&quot;:&quot;&quot;,&quot;sizes&quot;:[]},&quot;classic_row_gap_mobile&quot;:{&quot;unit&quot;:&quot;px&quot;,&quot;size&quot;:&quot;&quot;,&quot;sizes&quot;:[]}}\" data-widget_type=\"posts.classic\">\n\t\t\t\t<div class=\"elementor-widget-container\">\n\t\t\t\t\t\t\t<div class=\"elementor-posts-container elementor-posts elementor-posts--skin-classic elementor-grid\" role=\"list\">\n\t\t\t\t<article class=\"elementor-post elementor-grid-item post-10704 post type-post status-publish format-standard has-post-thumbnail hentry category-b2b-resources\" role=\"listitem\">\n\t\t\t\t<a class=\"elementor-post__thumbnail__link\" href=\"https:\/\/progolas.com\/cs\/stante-se-distributorem-progolas\/\" tabindex=\"-1\" >\n\t\t\t<div class=\"elementor-post__thumbnail\"><img fetchpriority=\"high\" decoding=\"async\" width=\"300\" height=\"258\" src=\"https:\/\/progolas.com\/wp-content\/uploads\/2025\/10\/U.S.-Region-e1761890285932-300x258.webp\" class=\"attachment-medium size-medium wp-image-10743\" alt=\"Region USA\" srcset=\"https:\/\/progolas.com\/wp-content\/uploads\/2025\/10\/U.S.-Region-e1761890285932-300x258.webp 300w, https:\/\/progolas.com\/wp-content\/uploads\/2025\/10\/U.S.-Region-e1761890285932-768x660.webp 768w, https:\/\/progolas.com\/wp-content\/uploads\/2025\/10\/U.S.-Region-e1761890285932-14x12.webp 14w, https:\/\/progolas.com\/wp-content\/uploads\/2025\/10\/U.S.-Region-e1761890285932.webp 1024w\" sizes=\"(max-width: 300px) 100vw, 300px\" \/><\/div>\n\t\t<\/a>\n\t\t\t\t<div class=\"elementor-post__text\">\n\t\t\t\t<h3 class=\"elementor-post__title\">\n\t\t\t<a href=\"https:\/\/progolas.com\/cs\/stante-se-distributorem-progolas\/\" >\n\t\t\t\tSta\u0148te se distributorem Progolas \u2013 USA\t\t\t<\/a>\n\t\t<\/h3>\n\t\t\t\t<div class=\"elementor-post__meta-data\">\n\t\t\t\t\t<span class=\"elementor-post-date\">\n\t\t\t2025-10-31\t\t<\/span>\n\t\t\t\t<\/div>\n\t\t\t\t\t<div class=\"elementor-post__read-more-wrapper\">\n\t\t\n\t\t<a class=\"elementor-post__read-more\" href=\"https:\/\/progolas.com\/cs\/stante-se-distributorem-progolas\/\" aria-label=\"P\u0159e\u010dt\u011bte si v\u00edce o tom, jak se st\u00e1t distributorem spole\u010dnosti Progolas \u2013 USA\" tabindex=\"-1\" >\n\t\t\t\u010c\u00edst d\u00e1le \u00bb\t\t<\/a>\n\n\t\t\t\t\t<\/div>\n\t\t\t\t<\/div>\n\t\t\t\t<\/article>\n\t\t\t\t<article class=\"elementor-post elementor-grid-item post-10636 post type-post status-publish format-standard has-post-thumbnail hentry category-b2b-resources\" role=\"listitem\">\n\t\t\t\t<a class=\"elementor-post__thumbnail__link\" href=\"https:\/\/progolas.com\/cs\/pruvodce-distributorem-hlinikovych-pergol\/\" tabindex=\"-1\" >\n\t\t\t<div class=\"elementor-post__thumbnail\"><img decoding=\"async\" width=\"300\" height=\"254\" src=\"https:\/\/progolas.com\/wp-content\/uploads\/2025\/10\/2025\u20132035-Upward-Trend-e1761876907795-300x254.webp\" class=\"attachment-medium size-medium wp-image-10712\" alt=\"2025\u20132035: Vzestupn\u00fd trend\" srcset=\"https:\/\/progolas.com\/wp-content\/uploads\/2025\/10\/2025\u20132035-Upward-Trend-e1761876907795-300x254.webp 300w, https:\/\/progolas.com\/wp-content\/uploads\/2025\/10\/2025\u20132035-Upward-Trend-e1761876907795-768x650.webp 768w, https:\/\/progolas.com\/wp-content\/uploads\/2025\/10\/2025\u20132035-Upward-Trend-e1761876907795-14x12.webp 14w, https:\/\/progolas.com\/wp-content\/uploads\/2025\/10\/2025\u20132035-Upward-Trend-e1761876907795.webp 1024w\" sizes=\"(max-width: 300px) 100vw, 300px\" \/><\/div>\n\t\t<\/a>\n\t\t\t\t<div class=\"elementor-post__text\">\n\t\t\t\t<h3 class=\"elementor-post__title\">\n\t\t\t<a href=\"https:\/\/progolas.com\/cs\/pruvodce-distributorem-hlinikovych-pergol\/\" >\n\t\t\t\tPr\u016fvodce distributora hlin\u00edkov\u00fdch pergol \u2013 Progolas (2025)\t\t\t<\/a>\n\t\t<\/h3>\n\t\t\t\t<div class=\"elementor-post__meta-data\">\n\t\t\t\t\t<span class=\"elementor-post-date\">\n\t\t\t2025-10-31\t\t<\/span>\n\t\t\t\t<\/div>\n\t\t\t\t\t<div class=\"elementor-post__read-more-wrapper\">\n\t\t\n\t\t<a class=\"elementor-post__read-more\" href=\"https:\/\/progolas.com\/cs\/pruvodce-distributorem-hlinikovych-pergol\/\" aria-label=\"P\u0159e\u010dt\u011bte si v\u00edce o Pr\u016fvodci distributory hlin\u00edkov\u00fdch pergol \u2013 Progolas (2025)\" tabindex=\"-1\" >\n\t\t\t\u010c\u00edst d\u00e1le \u00bb\t\t<\/a>\n\n\t\t\t\t\t<\/div>\n\t\t\t\t<\/div>\n\t\t\t\t<\/article>\n\t\t\t\t<article class=\"elementor-post elementor-grid-item post-6011 post type-post status-publish format-standard has-post-thumbnail hentry category-b2b-resources category-b2c-resources\" role=\"listitem\">\n\t\t\t\t<a class=\"elementor-post__thumbnail__link\" href=\"https:\/\/progolas.com\/cs\/navod-k-instalaci-pergoly-2115\/\" tabindex=\"-1\" >\n\t\t\t<div class=\"elementor-post__thumbnail\"><img decoding=\"async\" width=\"300\" height=\"225\" src=\"https:\/\/progolas.com\/wp-content\/uploads\/2024\/08\/3-1-300x225.png\" class=\"attachment-medium size-medium wp-image-750\" alt=\"Pr\u016fvodce instalac\u00ed pergoly\" srcset=\"https:\/\/progolas.com\/wp-content\/uploads\/2024\/08\/3-1-300x225.png 300w, https:\/\/progolas.com\/wp-content\/uploads\/2024\/08\/3-1-768x576.png 768w, https:\/\/progolas.com\/wp-content\/uploads\/2024\/08\/3-1-600x450.png 600w, https:\/\/progolas.com\/wp-content\/uploads\/2024\/08\/3-1.png 840w\" sizes=\"(max-width: 300px) 100vw, 300px\" \/><\/div>\n\t\t<\/a>\n\t\t\t\t<div class=\"elementor-post__text\">\n\t\t\t\t<h3 class=\"elementor-post__title\">\n\t\t\t<a href=\"https:\/\/progolas.com\/cs\/navod-k-instalaci-pergoly-2115\/\" >\n\t\t\t\tPr\u016fvodce instalac\u00ed pergoly Progolas-2115\t\t\t<\/a>\n\t\t<\/h3>\n\t\t\t\t<div class=\"elementor-post__meta-data\">\n\t\t\t\t\t<span class=\"elementor-post-date\">\n\t\t\t2025-09-12\t\t<\/span>\n\t\t\t\t<\/div>\n\t\t\t\t\t<div class=\"elementor-post__read-more-wrapper\">\n\t\t\n\t\t<a class=\"elementor-post__read-more\" href=\"https:\/\/progolas.com\/cs\/navod-k-instalaci-pergoly-2115\/\" aria-label=\"P\u0159e\u010dt\u011bte si v\u00edce o n\u00e1vodu k instalaci pergoly Progolas-2115\" tabindex=\"-1\" >\n\t\t\t\u010c\u00edst d\u00e1le \u00bb\t\t<\/a>\n\n\t\t\t\t\t<\/div>\n\t\t\t\t<\/div>\n\t\t\t\t<\/article>\n\t\t\t\t<article class=\"elementor-post elementor-grid-item post-7458 post type-post status-publish format-standard has-post-thumbnail hentry category-b2b-resources category-b2c-resources\" role=\"listitem\">\n\t\t\t\t<a class=\"elementor-post__thumbnail__link\" href=\"https:\/\/progolas.com\/cs\/jak-dovezt-pergolu-a-odbavit-ji-celnim-uradem-podrobny-navod-pro-kupujici-kteri-kupuji-poprve\/\" tabindex=\"-1\" >\n\t\t\t<div class=\"elementor-post__thumbnail\"><img loading=\"lazy\" decoding=\"async\" width=\"300\" height=\"200\" src=\"https:\/\/progolas.com\/wp-content\/uploads\/2025\/07\/courier-industry-term-customs-clearance-clearance-cargo-border-upon-delivery-including-taxes-300x200.jpg\" class=\"attachment-medium size-medium wp-image-7465\" alt=\"Kur\u00fdrn\u00ed pr\u016fmysl Term\u00ednovan\u00e9 celn\u00ed odbaven\u00ed. Odbaven\u00ed n\u00e1kladu na hranic\u00edch p\u0159i dod\u00e1n\u00ed, v\u010detn\u011b dan\u00ed.\" srcset=\"https:\/\/progolas.com\/wp-content\/uploads\/2025\/07\/courier-industry-term-customs-clearance-clearance-cargo-border-upon-delivery-including-taxes-300x200.jpg 300w, https:\/\/progolas.com\/wp-content\/uploads\/2025\/07\/courier-industry-term-customs-clearance-clearance-cargo-border-upon-delivery-including-taxes-1024x683.jpg 1024w, https:\/\/progolas.com\/wp-content\/uploads\/2025\/07\/courier-industry-term-customs-clearance-clearance-cargo-border-upon-delivery-including-taxes-768x512.jpg 768w, https:\/\/progolas.com\/wp-content\/uploads\/2025\/07\/courier-industry-term-customs-clearance-clearance-cargo-border-upon-delivery-including-taxes-1536x1024.jpg 1536w, https:\/\/progolas.com\/wp-content\/uploads\/2025\/07\/courier-industry-term-customs-clearance-clearance-cargo-border-upon-delivery-including-taxes-2048x1365.jpg 2048w, https:\/\/progolas.com\/wp-content\/uploads\/2025\/07\/courier-industry-term-customs-clearance-clearance-cargo-border-upon-delivery-including-taxes-18x12.jpg 18w\" sizes=\"(max-width: 300px) 100vw, 300px\" \/><\/div>\n\t\t<\/a>\n\t\t\t\t<div class=\"elementor-post__text\">\n\t\t\t\t<h3 class=\"elementor-post__title\">\n\t\t\t<a href=\"https:\/\/progolas.com\/cs\/jak-dovezt-pergolu-a-odbavit-ji-celnim-uradem-podrobny-navod-pro-kupujici-kteri-kupuji-poprve\/\" >\n\t\t\t\tJak importovat pergolu a odbavit celn\u00ed \u00fa\u0159ad: Podrobn\u00fd n\u00e1vod pro kupuj\u00edc\u00ed, kte\u0159\u00ed kupuj\u00ed poprv\u00e9\t\t\t<\/a>\n\t\t<\/h3>\n\t\t\t\t<div class=\"elementor-post__meta-data\">\n\t\t\t\t\t<span class=\"elementor-post-date\">\n\t\t\t2025-07-21\t\t<\/span>\n\t\t\t\t<\/div>\n\t\t\t\t\t<div class=\"elementor-post__read-more-wrapper\">\n\t\t\n\t\t<a class=\"elementor-post__read-more\" href=\"https:\/\/progolas.com\/cs\/jak-dovezt-pergolu-a-odbavit-ji-celnim-uradem-podrobny-navod-pro-kupujici-kteri-kupuji-poprve\/\" aria-label=\"P\u0159e\u010dt\u011bte si v\u00edce o tom, jak importovat pergolu a odbavit celn\u00ed \u00fa\u0159ad: Podrobn\u00fd n\u00e1vod pro kupuj\u00edc\u00ed, kte\u0159\u00ed kupuj\u00ed poprv\u00e9.\" tabindex=\"-1\" >\n\t\t\t\u010c\u00edst d\u00e1le \u00bb\t\t<\/a>\n\n\t\t\t\t\t<\/div>\n\t\t\t\t<\/div>\n\t\t\t\t<\/article>\n\t\t\t\t<article class=\"elementor-post elementor-grid-item post-7296 post type-post status-publish format-standard has-post-thumbnail hentry category-b2b-resources\" role=\"listitem\">\n\t\t\t\t<a class=\"elementor-post__thumbnail__link\" href=\"https:\/\/progolas.com\/cs\/pergolovy-system-pro-stavitele-snizuje-naklady-zvysuje-efektivitu\/\" tabindex=\"-1\" >\n\t\t\t<div class=\"elementor-post__thumbnail\"><img loading=\"lazy\" decoding=\"async\" width=\"300\" height=\"225\" src=\"https:\/\/progolas.com\/wp-content\/uploads\/2025\/07\/1-4-300x225.png\" class=\"attachment-medium size-medium wp-image-7375\" alt=\"Pergolov\u00fd syst\u00e9m pro stavitele\" srcset=\"https:\/\/progolas.com\/wp-content\/uploads\/2025\/07\/1-4-300x225.png 300w, https:\/\/progolas.com\/wp-content\/uploads\/2025\/07\/1-4-1024x768.png 1024w, https:\/\/progolas.com\/wp-content\/uploads\/2025\/07\/1-4-768x576.png 768w, https:\/\/progolas.com\/wp-content\/uploads\/2025\/07\/1-4-16x12.png 16w, https:\/\/progolas.com\/wp-content\/uploads\/2025\/07\/1-4.png 1536w\" sizes=\"(max-width: 300px) 100vw, 300px\" \/><\/div>\n\t\t<\/a>\n\t\t\t\t<div class=\"elementor-post__text\">\n\t\t\t\t<h3 class=\"elementor-post__title\">\n\t\t\t<a href=\"https:\/\/progolas.com\/cs\/pergolovy-system-pro-stavitele-snizuje-naklady-zvysuje-efektivitu\/\" >\n\t\t\t\tHlin\u00edkov\u00fd pergolov\u00fd syst\u00e9m pro stavitele: Chytr\u00fd zp\u016fsob, jak u\u0161et\u0159it \u010das, pen\u00edze a stres\t\t\t<\/a>\n\t\t<\/h3>\n\t\t\t\t<div class=\"elementor-post__meta-data\">\n\t\t\t\t\t<span class=\"elementor-post-date\">\n\t\t\t2025-07-14\t\t<\/span>\n\t\t\t\t<\/div>\n\t\t\t\t\t<div class=\"elementor-post__read-more-wrapper\">\n\t\t\n\t\t<a class=\"elementor-post__read-more\" href=\"https:\/\/progolas.com\/cs\/pergolovy-system-pro-stavitele-snizuje-naklady-zvysuje-efektivitu\/\" aria-label=\"P\u0159e\u010dt\u011bte si v\u00edce o hlin\u00edkov\u00e9m pergolov\u00e9m syst\u00e9mu pro stavitele: Chytr\u00fd zp\u016fsob, jak u\u0161et\u0159it \u010das, pen\u00edze a stres\" tabindex=\"-1\" >\n\t\t\t\u010c\u00edst d\u00e1le \u00bb\t\t<\/a>\n\n\t\t\t\t\t<\/div>\n\t\t\t\t<\/div>\n\t\t\t\t<\/article>\n\t\t\t\t<\/div>\n\t\t\n\t\t\t\t\t\t<\/div>\n\t\t\t\t<\/div>\n\t\t\t\t\t<\/div>\n\t\t\t\t<\/div>\n\t\t\t\t<\/div>","protected":false},"excerpt":{"rendered":"<p>Velkoobchodn\u00ed prodej pergol a zdroje pro prodejce | ProGolas B2B Rozv\u00edjejte sv\u00e9 podnik\u00e1n\u00ed s ProGolas. N\u00e1\u0161 blog B2B nab\u00edz\u00ed prodejc\u016fm pergol z\u00e1kladn\u00ed tipy pro prodej, instalaci,<\/p>","protected":false},"author":1,"featured_media":0,"parent":0,"menu_order":0,"comment_status":"closed","ping_status":"closed","template":"","meta":{"_acf_changed":false,"footnotes":""},"class_list":["post-9289","page","type-page","status-publish","hentry"],"acf":[],"_links":{"self":[{"href":"https:\/\/progolas.com\/cs\/wp-json\/wp\/v2\/pages\/9289","targetHints":{"allow":["GET"]}}],"collection":[{"href":"https:\/\/progolas.com\/cs\/wp-json\/wp\/v2\/pages"}],"about":[{"href":"https:\/\/progolas.com\/cs\/wp-json\/wp\/v2\/types\/page"}],"author":[{"embeddable":true,"href":"https:\/\/progolas.com\/cs\/wp-json\/wp\/v2\/users\/1"}],"replies":[{"embeddable":true,"href":"https:\/\/progolas.com\/cs\/wp-json\/wp\/v2\/comments?post=9289"}],"version-history":[{"count":0,"href":"https:\/\/progolas.com\/cs\/wp-json\/wp\/v2\/pages\/9289\/revisions"}],"wp:attachment":[{"href":"https:\/\/progolas.com\/cs\/wp-json\/wp\/v2\/media?parent=9289"}],"curies":[{"name":"wp","href":"https:\/\/api.w.org\/{rel}","templated":true}]}}