{"id":18,"date":"2024-07-19T04:10:51","date_gmt":"2024-07-19T04:10:51","guid":{"rendered":"https:\/\/progolas.com\/?page_id=18"},"modified":"2026-02-24T17:05:21","modified_gmt":"2026-02-24T09:05:21","slug":"kontaktieren-sie-uns","status":"publish","type":"page","link":"https:\/\/progolas.com\/de\/kontaktieren-sie-uns\/","title":{"rendered":"Kontaktieren Sie uns"},"content":{"rendered":"\t\t<div data-elementor-type=\"wp-page\" data-elementor-id=\"18\" class=\"elementor elementor-18\" data-elementor-post-type=\"page\">\n\t\t\t\t<div class=\"elementor-element elementor-element-65d77f5e e-flex e-con-boxed e-con e-parent\" data-id=\"65d77f5e\" data-element_type=\"container\" data-e-type=\"container\" data-settings=\"{&quot;background_background&quot;:&quot;classic&quot;}\">\n\t\t\t\t\t<div class=\"e-con-inner\">\n\t\t\t\t<div class=\"elementor-element elementor-element-3a4972e2 elementor-widget elementor-widget-heading\" data-id=\"3a4972e2\" data-element_type=\"widget\" data-e-type=\"widget\" data-widget_type=\"heading.default\">\n\t\t\t\t<div class=\"elementor-widget-container\">\n\t\t\t\t\t<h1 class=\"elementor-heading-title elementor-size-default\">Ready to Customize Your Pergola?<\/h1>\t\t\t\t<\/div>\n\t\t\t\t<\/div>\n\t\t\t\t<div class=\"elementor-element elementor-element-8c1dff3 elementor-widget elementor-widget-text-editor\" data-id=\"8c1dff3\" data-element_type=\"widget\" data-e-type=\"widget\" data-widget_type=\"text-editor.default\">\n\t\t\t\t<div class=\"elementor-widget-container\">\n\t\t\t\t\t\t\t\t\t<p>Not sure where to start? Contact us for professional gazebo support, personalized advice, and project planning tailored to your space.<\/p>\t\t\t\t\t\t\t\t<\/div>\n\t\t\t\t<\/div>\n\t\t<div class=\"elementor-element elementor-element-4bc007c e-con-full e-flex e-con e-child\" data-id=\"4bc007c\" data-element_type=\"container\" data-e-type=\"container\">\n\t\t<div class=\"elementor-element elementor-element-271ef8e0 e-con-full e-flex e-con e-child\" data-id=\"271ef8e0\" data-element_type=\"container\" data-e-type=\"container\">\n\t\t\t\t<div class=\"elementor-element elementor-element-3fde4e9 elementor-widget elementor-widget-google_maps\" data-id=\"3fde4e9\" data-element_type=\"widget\" data-e-type=\"widget\" data-widget_type=\"google_maps.default\">\n\t\t\t\t<div class=\"elementor-widget-container\">\n\t\t\t\t\t\t\t<div class=\"elementor-custom-embed\">\n\t\t\t<iframe loading=\"lazy\"\n\t\t\t\t\tsrc=\"https:\/\/maps.google.com\/maps?q=205%2C%20Building%203%2C%20Lot%205%2C%20Guangzhou%20International%20Airport%20Center%2C%20Huadu%20District%2C%20Guangzhou%2C%20China&#038;t=m&#038;z=13&#038;output=embed&#038;iwloc=near\"\n\t\t\t\t\ttitle=\"205, Building 3, Lot 5, Guangzhou International Airport Center, Huadu District, Guangzhou, China\"\n\t\t\t\t\taria-label=\"205, Building 3, Lot 5, Guangzhou International Airport Center, Huadu District, Guangzhou, China\"\n\t\t\t><\/iframe>\n\t\t<\/div>\n\t\t\t\t\t\t<\/div>\n\t\t\t\t<\/div>\n\t\t\t\t<\/div>\n\t\t<div class=\"elementor-element elementor-element-1f468116 e-con-full e-flex e-con e-child\" data-id=\"1f468116\" data-element_type=\"container\" data-e-type=\"container\">\n\t\t\t\t<div class=\"elementor-element elementor-element-1d55a24a elementor-widget elementor-widget-wpforms\" data-id=\"1d55a24a\" data-element_type=\"widget\" data-e-type=\"widget\" data-widget_type=\"wpforms.default\">\n\t\t\t\t<div class=\"elementor-widget-container\">\n\t\t\t\t\t<style id=\"wpforms-css-vars-elementor-widget-1d55a24a\">\n\t\t\t\t.elementor-widget-wpforms.elementor-element-1d55a24a {\n\t\t\t\t--wpforms-button-background-color: #4B755F;\n--wpforms-field-size-input-height: 43px;\n--wpforms-field-size-input-spacing: 15px;\n--wpforms-field-size-font-size: 16px;\n--wpforms-field-size-line-height: 19px;\n--wpforms-field-size-padding-h: 14px;\n--wpforms-field-size-checkbox-size: 16px;\n--wpforms-field-size-sublabel-spacing: 5px;\n--wpforms-field-size-icon-size: 1;\n--wpforms-label-size-font-size: 16px;\n--wpforms-label-size-line-height: 19px;\n--wpforms-label-size-sublabel-font-size: 14px;\n--wpforms-label-size-sublabel-line-height: 17px;\n--wpforms-button-size-font-size: 17px;\n--wpforms-button-size-height: 41px;\n--wpforms-button-size-padding-h: 15px;\n--wpforms-button-size-margin-top: 10px;\n\n\t\t\t}\n\t\t\t<\/style><div class=\"wpforms-container wpforms-container-full wpforms-render-modern\" id=\"wpforms-1117\"><form id=\"wpforms-form-1117\" class=\"wpforms-validate wpforms-form wpforms-ajax-form\" data-formid=\"1117\" method=\"post\" enctype=\"multipart\/form-data\" action=\"\/de\/wp-json\/wp\/v2\/pages\/18?wpforms_form_id=1117\" data-token=\"6da55f07ba63eac69f1a7f53e5b070cf\" data-token-time=\"1776085568\"><noscript class=\"wpforms-error-noscript\">Bitte aktiviere JavaScript in deinem Browser, um dieses Formular fertigzustellen.<\/noscript><div class=\"wpforms-hidden\" id=\"wpforms-error-noscript\">Bitte aktiviere JavaScript in deinem Browser, um dieses Formular fertigzustellen.<\/div><div class=\"wpforms-field-container\"><div id=\"wpforms-1117-field_1-container\" class=\"wpforms-field wpforms-field-text\" data-field-id=\"1\"><label class=\"wpforms-field-label\" for=\"wpforms-1117-field_1\">Your Name <span class=\"wpforms-required-label\" aria-hidden=\"true\">*<\/span><\/label><input type=\"text\" id=\"wpforms-1117-field_1\" class=\"wpforms-field-large wpforms-field-required\" name=\"wpforms[fields][1]\" aria-errormessage=\"wpforms-1117-field_1-error\" required><\/div><div id=\"wpforms-1117-field_2-container\" class=\"wpforms-field wpforms-field-number\" data-field-id=\"2\"><label class=\"wpforms-field-label\" for=\"wpforms-1117-field_2\">Phone Number <span class=\"wpforms-required-label\" aria-hidden=\"true\">*<\/span><\/label><input type=\"number\" id=\"wpforms-1117-field_2\" class=\"wpforms-field-large wpforms-field-required\" name=\"wpforms[fields][2]\" step=\"any\" aria-errormessage=\"wpforms-1117-field_2-error\" required><\/div><div id=\"wpforms-1117-field_3-container\" class=\"wpforms-field wpforms-field-email\" data-field-id=\"3\"><label class=\"wpforms-field-label\" for=\"wpforms-1117-field_3\">Email <span class=\"wpforms-required-label\" aria-hidden=\"true\">*<\/span><\/label><input type=\"email\" id=\"wpforms-1117-field_3\" class=\"wpforms-field-large wpforms-field-required\" name=\"wpforms[fields][3]\" spellcheck=\"false\" aria-errormessage=\"wpforms-1117-field_3-error\" required><\/div><div id=\"wpforms-1117-field_17-container\" class=\"wpforms-field wpforms-field-radio wpforms-list-inline\" data-field-id=\"17\"><fieldset><legend class=\"wpforms-field-label\">Your Identity: <span class=\"wpforms-required-label\" aria-hidden=\"true\">*<\/span><\/legend><ul id=\"wpforms-1117-field_17\" class=\"wpforms-field-required\"><li class=\"choice-1 depth-1\"><input type=\"radio\" id=\"wpforms-1117-field_17_1\" name=\"wpforms[fields][17]\" value=\"Villa owners\" aria-errormessage=\"wpforms-1117-field_17_1-error\" required ><label class=\"wpforms-field-label-inline\" for=\"wpforms-1117-field_17_1\">Villa owners<\/label><\/li><li class=\"choice-2 depth-1\"><input type=\"radio\" id=\"wpforms-1117-field_17_2\" name=\"wpforms[fields][17]\" value=\"Housing developers\" aria-errormessage=\"wpforms-1117-field_17_2-error\" required ><label class=\"wpforms-field-label-inline\" for=\"wpforms-1117-field_17_2\">Housing developers<\/label><\/li><li class=\"choice-3 depth-1\"><input type=\"radio\" id=\"wpforms-1117-field_17_3\" name=\"wpforms[fields][17]\" value=\"Construction contractors\" aria-errormessage=\"wpforms-1117-field_17_3-error\" required ><label class=\"wpforms-field-label-inline\" for=\"wpforms-1117-field_17_3\">Construction contractors<\/label><\/li><li class=\"choice-4 depth-1\"><input type=\"radio\" id=\"wpforms-1117-field_17_4\" name=\"wpforms[fields][17]\" value=\"Landscape design companies\" aria-errormessage=\"wpforms-1117-field_17_4-error\" required ><label class=\"wpforms-field-label-inline\" for=\"wpforms-1117-field_17_4\">Landscape design companies<\/label><\/li><li class=\"choice-5 depth-1\"><input type=\"radio\" id=\"wpforms-1117-field_17_5\" name=\"wpforms[fields][17]\" value=\"other\" aria-errormessage=\"wpforms-1117-field_17_5-error\" required ><label class=\"wpforms-field-label-inline\" for=\"wpforms-1117-field_17_5\">other<\/label><\/li><\/ul><\/fieldset><\/div><div id=\"wpforms-1117-field_4-container\" class=\"wpforms-field wpforms-field-textarea\" data-field-id=\"4\"><label class=\"wpforms-field-label\" for=\"wpforms-1117-field_4\">Message <span class=\"wpforms-required-label\" aria-hidden=\"true\">*<\/span><\/label><textarea id=\"wpforms-1117-field_4\" class=\"wpforms-field-medium wpforms-field-required\" name=\"wpforms[fields][4]\" aria-errormessage=\"wpforms-1117-field_4-error\" aria-describedby=\"wpforms-1117-field_4-description\" required><\/textarea><div id=\"wpforms-1117-field_4-description\" class=\"wpforms-field-description\">Please let us know the height, width, and length of the pergola you need, whether you need additional equipment such as automatic blinds, lighting, fans, heaters, etc., whether you want a custom pergola or a standard one, and the delivery location. If you have additional information such as design inspiration and house size, please also specify it<\/div><\/div><div id=\"wpforms-1117-field_23-container\" class=\"wpforms-field wpforms-field-hidden\" data-field-id=\"23\"><input type=\"hidden\" id=\"wpforms-1117-field_23\" name=\"wpforms[fields][23]\" value=\"{user_agent}\"><\/div><div id=\"wpforms-1117-field_25-container\" class=\"wpforms-field wpforms-field-hidden\" data-field-id=\"25\"><input type=\"hidden\" id=\"wpforms-1117-field_25\" name=\"wpforms[fields][25]\"><\/div><div id=\"wpforms-1117-field_26-container\" class=\"wpforms-field wpforms-field-hidden\" data-field-id=\"26\"><input type=\"hidden\" id=\"wpforms-1117-field_26\" name=\"wpforms[fields][26]\"><\/div><div id=\"wpforms-1117-field_21-container\" class=\"wpforms-field wpforms-field-hidden\" data-field-id=\"21\"><input type=\"hidden\" id=\"wpforms-1117-field_21\" name=\"wpforms[fields][21]\"><\/div><div id=\"wpforms-1117-field_27-container\" class=\"wpforms-field wpforms-field-hidden\" data-field-id=\"27\"><input type=\"hidden\" id=\"wpforms-1117-field_27\" name=\"wpforms[fields][27]\"><\/div><div id=\"wpforms-1117-field_20-container\" class=\"wpforms-field wpforms-field-file-upload\" data-field-id=\"20\"><label class=\"wpforms-field-label\" for=\"wpforms-1117-field_20\">Drawings or pictures of the house<\/label><input type=\"file\" id=\"wpforms-1117-field_20\" data-rule-extension=\"jpg,jpeg,jpe,gif,png,bmp,tiff,tif,webp,avif,ico,heic,heif,heics,heifs,asf,asx,wmv,wmx,wm,avi,divx,mov,qt,mpeg,mpg,mpe,mp4,m4v,ogv,webm,mkv,3gp,3gpp,3g2,3gp2,txt,asc,c,cc,h,srt,csv,tsv,ics,rtx,css,vtt,mp3,m4a,m4b,aac,ra,ram,wav,x-wav,ogg,oga,flac,mid,midi,wma,wax,mka,rtf,pdf,class,tar,zip,gz,gzip,rar,7z,psd,xcf,doc,pot,pps,ppt,wri,xla,xls,xlt,xlw,mpp,docx,docm,dotx,dotm,xlsx,xlsm,xlsb,xltx,xltm,xlam,pptx,pptm,ppsx,ppsm,potx,potm,ppam,sldx,sldm,onetoc,onetoc2,onepkg,oxps,xps,odt,odp,ods,odg,odc,odb,odf,wp,wpd,key,numbers,pages\" data-rule-maxsize=\"1610612736\" name=\"wpforms_1117_20\" accept=\".jpg,.jpeg,.jpe,.gif,.png,.bmp,.tiff,.tif,.webp,.avif,.ico,.heic,.heif,.heics,.heifs,.asf,.asx,.wmv,.wmx,.wm,.avi,.divx,.mov,.qt,.mpeg,.mpg,.mpe,.mp4,.m4v,.ogv,.webm,.mkv,.3gp,.3gpp,.3g2,.3gp2,.txt,.asc,.c,.cc,.h,.srt,.csv,.tsv,.ics,.rtx,.css,.vtt,.mp3,.m4a,.m4b,.aac,.ra,.ram,.wav,.x-wav,.ogg,.oga,.flac,.mid,.midi,.wma,.wax,.mka,.rtf,.pdf,.class,.tar,.zip,.gz,.gzip,.rar,.7z,.psd,.xcf,.doc,.pot,.pps,.ppt,.wri,.xla,.xls,.xlt,.xlw,.mpp,.docx,.docm,.dotx,.dotm,.xlsx,.xlsm,.xlsb,.xltx,.xltm,.xlam,.pptx,.pptm,.ppsx,.ppsm,.potx,.potm,.ppam,.sldx,.sldm,.onetoc,.onetoc2,.onepkg,.oxps,.xps,.odt,.odp,.ods,.odg,.odc,.odb,.odf,.wp,.wpd,.key,.numbers,.pages\" aria-errormessage=\"wpforms-1117-field_20-error\" ><\/div><\/div><!-- .wpforms-field-container --><div class=\"wpforms-submit-container\" ><input type=\"hidden\" name=\"wpforms[id]\" value=\"1117\"><input type=\"hidden\" name=\"page_title\" value=\"\"><input type=\"hidden\" name=\"page_url\" value=\"https:\/\/progolas.com\/de\/wp-json\/wp\/v2\/pages\/18\"><input type=\"hidden\" name=\"url_referer\" value=\"\"><button type=\"submit\" name=\"wpforms[submit]\" id=\"wpforms-submit-1117\" class=\"wpforms-submit\" data-alt-text=\"Sending...\" data-submit-text=\"SEND NOW\" aria-live=\"assertive\" value=\"wpforms-submit\">SEND NOW<\/button><img decoding=\"async\" src=\"https:\/\/progolas.com\/wp-content\/plugins\/wpforms\/assets\/images\/submit-spin.svg\" class=\"wpforms-submit-spinner\" style=\"display: none;\" width=\"26\" height=\"26\" alt=\"Wird geladen\"><\/div><\/form><\/div>  <!-- .wpforms-container -->\t\t\t\t<\/div>\n\t\t\t\t<\/div>\n\t\t\t\t<\/div>\n\t\t\t\t<\/div>\n\t\t\t\t\t<\/div>\n\t\t\t\t<\/div>\n\t\t<div class=\"elementor-element elementor-element-93c77f6 e-flex e-con-boxed e-con e-parent\" data-id=\"93c77f6\" data-element_type=\"container\" data-e-type=\"container\">\n\t\t\t\t\t<div class=\"e-con-inner\">\n\t\t\t\t<div class=\"elementor-element elementor-element-a432ba3 elementor-widget elementor-widget-heading\" data-id=\"a432ba3\" data-element_type=\"widget\" data-e-type=\"widget\" data-widget_type=\"heading.default\">\n\t\t\t\t<div class=\"elementor-widget-container\">\n\t\t\t\t\t<h2 class=\"elementor-heading-title elementor-size-default\">View Our Construction Cases<\/h2>\t\t\t\t<\/div>\n\t\t\t\t<\/div>\n\t\t\t\t<div class=\"elementor-element elementor-element-3ac7214 elementor-grid-3 elementor-grid-tablet-2 elementor-grid-mobile-1 elementor-posts--thumbnail-top elementor-card-shadow-yes elementor-posts__hover-gradient elementor-widget elementor-widget-posts\" data-id=\"3ac7214\" data-element_type=\"widget\" data-e-type=\"widget\" data-settings=\"{&quot;cards_columns&quot;:&quot;3&quot;,&quot;cards_columns_tablet&quot;:&quot;2&quot;,&quot;cards_columns_mobile&quot;:&quot;1&quot;,&quot;cards_row_gap&quot;:{&quot;unit&quot;:&quot;px&quot;,&quot;size&quot;:35,&quot;sizes&quot;:[]},&quot;cards_row_gap_tablet&quot;:{&quot;unit&quot;:&quot;px&quot;,&quot;size&quot;:&quot;&quot;,&quot;sizes&quot;:[]},&quot;cards_row_gap_mobile&quot;:{&quot;unit&quot;:&quot;px&quot;,&quot;size&quot;:&quot;&quot;,&quot;sizes&quot;:[]}}\" data-widget_type=\"posts.cards\">\n\t\t\t\t<div class=\"elementor-widget-container\">\n\t\t\t\t\t\t\t<div class=\"elementor-posts-container elementor-posts elementor-posts--skin-cards elementor-grid\" role=\"list\">\n\t\t\t\t<article class=\"elementor-post elementor-grid-item post-5753 post type-post status-publish format-standard has-post-thumbnail hentry category-outdoor-pavilion-retractable-awning-project tag-valuemax-pergola-2115\" role=\"listitem\">\n\t\t\t<div class=\"elementor-post__card\">\n\t\t\t\t<a class=\"elementor-post__thumbnail__link\" href=\"https:\/\/progolas.com\/de\/pergola-fur-ausenkuchen\/\" tabindex=\"-1\" ><div class=\"elementor-post__thumbnail\"><img fetchpriority=\"high\" decoding=\"async\" width=\"2560\" height=\"1920\" src=\"https:\/\/progolas.com\/wp-content\/uploads\/2025\/06\/picture-1-scaled.jpg\" class=\"attachment-full size-full wp-image-5766\" alt=\"Outdoor Kitchen Pergola\" srcset=\"https:\/\/progolas.com\/wp-content\/uploads\/2025\/06\/picture-1-scaled.jpg 2560w, https:\/\/progolas.com\/wp-content\/uploads\/2025\/06\/picture-1-300x225.jpg 300w, https:\/\/progolas.com\/wp-content\/uploads\/2025\/06\/picture-1-1024x768.jpg 1024w, https:\/\/progolas.com\/wp-content\/uploads\/2025\/06\/picture-1-768x576.jpg 768w, https:\/\/progolas.com\/wp-content\/uploads\/2025\/06\/picture-1-1536x1152.jpg 1536w, https:\/\/progolas.com\/wp-content\/uploads\/2025\/06\/picture-1-2048x1536.jpg 2048w\" sizes=\"(max-width: 2560px) 100vw, 2560px\" \/><\/div><\/a>\n\t\t\t\t<div class=\"elementor-post__text\">\n\t\t\t\t<h3 class=\"elementor-post__title\">\n\t\t\t<a href=\"https:\/\/progolas.com\/de\/pergola-fur-ausenkuchen\/\" >\n\t\t\t\tOutdoor Kitchen Pergola Beside Pool: A Backyard Retreat for Family Living\t\t\t<\/a>\n\t\t<\/h3>\n\t\t\t\t\t<div class=\"elementor-post__read-more-wrapper\">\n\t\t\n\t\t<a class=\"elementor-post__read-more\" href=\"https:\/\/progolas.com\/de\/pergola-fur-ausenkuchen\/\" aria-label=\"Mehr \u00fcber Outdoor Kitchen Pergola Beside Pool: A Backyard Retreat for Family Living\" tabindex=\"-1\" >\n\t\t\tREAD MORE \u00bb\t\t<\/a>\n\n\t\t\t\t\t<\/div>\n\t\t\t\t<\/div>\n\t\t\t\t<div class=\"elementor-post__meta-data\">\n\t\t\t\t\t<span class=\"elementor-post-author\">\n\t\t\tHelen\t\t<\/span>\n\t\t\t\t<span class=\"elementor-post-date\">\n\t\t\t2025-06-04\t\t<\/span>\n\t\t\t\t<\/div>\n\t\t\t\t\t<\/div>\n\t\t<\/article>\n\t\t\t\t<article class=\"elementor-post elementor-grid-item post-5582 post type-post status-publish format-standard has-post-thumbnail hentry category-family-pavilion-retractable-awning-project tag-architect-pro-pergola-2117\" role=\"listitem\">\n\t\t\t<div class=\"elementor-post__card\">\n\t\t\t\t<a class=\"elementor-post__thumbnail__link\" href=\"https:\/\/progolas.com\/de\/ausenbeschattungssysteme-aus-polen\/\" tabindex=\"-1\" ><div class=\"elementor-post__thumbnail\"><img decoding=\"async\" width=\"2048\" height=\"1536\" src=\"https:\/\/progolas.com\/wp-content\/uploads\/2025\/05\/picture-1.jpeg\" class=\"attachment-full size-full wp-image-5590\" alt=\"Rendering of outdoor shading solutions in Poland\" srcset=\"https:\/\/progolas.com\/wp-content\/uploads\/2025\/05\/picture-1.jpeg 2048w, https:\/\/progolas.com\/wp-content\/uploads\/2025\/05\/picture-1-300x225.jpeg 300w, https:\/\/progolas.com\/wp-content\/uploads\/2025\/05\/picture-1-1024x768.jpeg 1024w, https:\/\/progolas.com\/wp-content\/uploads\/2025\/05\/picture-1-768x576.jpeg 768w, https:\/\/progolas.com\/wp-content\/uploads\/2025\/05\/picture-1-1536x1152.jpeg 1536w\" sizes=\"(max-width: 2048px) 100vw, 2048px\" \/><\/div><\/a>\n\t\t\t\t<div class=\"elementor-post__text\">\n\t\t\t\t<h3 class=\"elementor-post__title\">\n\t\t\t<a href=\"https:\/\/progolas.com\/de\/ausenbeschattungssysteme-aus-polen\/\" >\n\t\t\t\tInstallation solution for outdoor aluminum pergola from Polish customers | 2117 Series\t\t\t<\/a>\n\t\t<\/h3>\n\t\t\t\t\t<div class=\"elementor-post__read-more-wrapper\">\n\t\t\n\t\t<a class=\"elementor-post__read-more\" href=\"https:\/\/progolas.com\/de\/ausenbeschattungssysteme-aus-polen\/\" aria-label=\"Mehr \u00fcber Installation solution for outdoor aluminum pergola from Polish customers | 2117 Series\" tabindex=\"-1\" >\n\t\t\tREAD MORE \u00bb\t\t<\/a>\n\n\t\t\t\t\t<\/div>\n\t\t\t\t<\/div>\n\t\t\t\t<div class=\"elementor-post__meta-data\">\n\t\t\t\t\t<span class=\"elementor-post-author\">\n\t\t\tHelen\t\t<\/span>\n\t\t\t\t<span class=\"elementor-post-date\">\n\t\t\t2025-05-30\t\t<\/span>\n\t\t\t\t<\/div>\n\t\t\t\t\t<\/div>\n\t\t<\/article>\n\t\t\t\t<article class=\"elementor-post elementor-grid-item post-3955 post type-post status-publish format-standard has-post-thumbnail hentry category-hotel-pavilion-retractable-awning-project tag-valuemax-pergola-2115\" role=\"listitem\">\n\t\t\t<div class=\"elementor-post__card\">\n\t\t\t\t<a class=\"elementor-post__thumbnail__link\" href=\"https:\/\/progolas.com\/de\/beispiel-einer-pergola-fur-einen-pool-eines-hotels-am-strand-in-australien\/\" tabindex=\"-1\" ><div class=\"elementor-post__thumbnail\"><img loading=\"lazy\" decoding=\"async\" width=\"4096\" height=\"2728\" src=\"https:\/\/progolas.com\/wp-content\/uploads\/2025\/04\/\u9632\u6c34\u767e\u53f6-42_upscayl_4x_remacri.png\" class=\"attachment-full size-full wp-image-3159\" alt=\"Australia - Beachfront hotel pergola pictures.\" srcset=\"https:\/\/progolas.com\/wp-content\/uploads\/2025\/04\/\u9632\u6c34\u767e\u53f6-42_upscayl_4x_remacri.png 4096w, https:\/\/progolas.com\/wp-content\/uploads\/2025\/04\/\u9632\u6c34\u767e\u53f6-42_upscayl_4x_remacri-300x200.png 300w, https:\/\/progolas.com\/wp-content\/uploads\/2025\/04\/\u9632\u6c34\u767e\u53f6-42_upscayl_4x_remacri-1024x682.png 1024w, https:\/\/progolas.com\/wp-content\/uploads\/2025\/04\/\u9632\u6c34\u767e\u53f6-42_upscayl_4x_remacri-768x512.png 768w, https:\/\/progolas.com\/wp-content\/uploads\/2025\/04\/\u9632\u6c34\u767e\u53f6-42_upscayl_4x_remacri-1536x1023.png 1536w, https:\/\/progolas.com\/wp-content\/uploads\/2025\/04\/\u9632\u6c34\u767e\u53f6-42_upscayl_4x_remacri-2048x1364.png 2048w, https:\/\/progolas.com\/wp-content\/uploads\/2025\/04\/\u9632\u6c34\u767e\u53f6-42_upscayl_4x_remacri-600x400.png 600w\" sizes=\"(max-width: 4096px) 100vw, 4096px\" \/><\/div><\/a>\n\t\t\t\t<div class=\"elementor-post__text\">\n\t\t\t\t<h3 class=\"elementor-post__title\">\n\t\t\t<a href=\"https:\/\/progolas.com\/de\/beispiel-einer-pergola-fur-einen-pool-eines-hotels-am-strand-in-australien\/\" >\n\t\t\t\tFrom Australia &#8211; Beachfront Hotel Pool Pergola Example\t\t\t<\/a>\n\t\t<\/h3>\n\t\t\t\t\t<div class=\"elementor-post__read-more-wrapper\">\n\t\t\n\t\t<a class=\"elementor-post__read-more\" href=\"https:\/\/progolas.com\/de\/beispiel-einer-pergola-fur-einen-pool-eines-hotels-am-strand-in-australien\/\" aria-label=\"Mehr \u00fcber From Australia &#8211; Beachfront Hotel Pool Pergola Example\" tabindex=\"-1\" >\n\t\t\tREAD MORE \u00bb\t\t<\/a>\n\n\t\t\t\t\t<\/div>\n\t\t\t\t<\/div>\n\t\t\t\t<div class=\"elementor-post__meta-data\">\n\t\t\t\t\t<span class=\"elementor-post-author\">\n\t\t\tHelen\t\t<\/span>\n\t\t\t\t<span class=\"elementor-post-date\">\n\t\t\t2017-05-07\t\t<\/span>\n\t\t\t\t<\/div>\n\t\t\t\t\t<\/div>\n\t\t<\/article>\n\t\t\t\t<\/div>\n\t\t\n\t\t\t\t\t\t<\/div>\n\t\t\t\t<\/div>\n\t\t\t\t\t<\/div>\n\t\t\t\t<\/div>\n\t\t\t\t<\/div>\n\t\t","protected":false},"excerpt":{"rendered":"<p>Sie m\u00f6chten Ihre Pergola individuell gestalten? Wissen Sie nicht, wo Sie anfangen sollen? Kontaktieren Sie uns f\u00fcr professionelle Unterst\u00fctzung bei der Planung Ihres Gartenpavillons, pers\u00f6nliche Beratung und eine auf Ihren Raum zugeschnittene Projektplanung.<\/p>","protected":false},"author":1,"featured_media":0,"parent":0,"menu_order":0,"comment_status":"closed","ping_status":"closed","template":"","meta":{"_acf_changed":false,"footnotes":""},"class_list":["post-18","page","type-page","status-publish","hentry"],"acf":[],"_links":{"self":[{"href":"https:\/\/progolas.com\/de\/wp-json\/wp\/v2\/pages\/18","targetHints":{"allow":["GET"]}}],"collection":[{"href":"https:\/\/progolas.com\/de\/wp-json\/wp\/v2\/pages"}],"about":[{"href":"https:\/\/progolas.com\/de\/wp-json\/wp\/v2\/types\/page"}],"author":[{"embeddable":true,"href":"https:\/\/progolas.com\/de\/wp-json\/wp\/v2\/users\/1"}],"replies":[{"embeddable":true,"href":"https:\/\/progolas.com\/de\/wp-json\/wp\/v2\/comments?post=18"}],"version-history":[{"count":3,"href":"https:\/\/progolas.com\/de\/wp-json\/wp\/v2\/pages\/18\/revisions"}],"predecessor-version":[{"id":11666,"href":"https:\/\/progolas.com\/de\/wp-json\/wp\/v2\/pages\/18\/revisions\/11666"}],"wp:attachment":[{"href":"https:\/\/progolas.com\/de\/wp-json\/wp\/v2\/media?parent=18"}],"curies":[{"name":"wp","href":"https:\/\/api.w.org\/{rel}","templated":true}]}}