{"id":9289,"date":"2025-09-16T17:20:12","date_gmt":"2025-09-16T09:20:12","guid":{"rendered":"https:\/\/progolas.com\/?page_id=9289"},"modified":"2025-09-18T11:42:49","modified_gmt":"2025-09-18T03:42:49","slug":"lectures-incontournables-sur-la-vente-en-gros-b2b","status":"publish","type":"page","link":"https:\/\/progolas.com\/fr\/lectures-incontournables-sur-la-vente-en-gros-b2b\/","title":{"rendered":"Lectures incontournables sur le commerce de gros B2B"},"content":{"rendered":"<div data-elementor-type=\"wp-page\" data-elementor-id=\"9289\" class=\"elementor elementor-9289\" data-elementor-post-type=\"page\">\n\t\t\t\t<div class=\"elementor-element elementor-element-add5bbf e-flex e-con-boxed e-con e-parent\" data-id=\"add5bbf\" data-element_type=\"container\" data-e-type=\"container\" data-settings=\"{&quot;background_background&quot;:&quot;classic&quot;}\">\n\t\t\t\t\t<div class=\"e-con-inner\">\n\t\t\t\t<div class=\"elementor-element elementor-element-c08b82d elementor-widget elementor-widget-heading\" data-id=\"c08b82d\" data-element_type=\"widget\" data-e-type=\"widget\" data-widget_type=\"heading.default\">\n\t\t\t\t<div class=\"elementor-widget-container\">\n\t\t\t\t\t<h2 class=\"elementor-heading-title elementor-size-default\">Ressources pour les grossistes et revendeurs de pergolas | ProGolas B2B<\/h2>\t\t\t\t<\/div>\n\t\t\t\t<\/div>\n\t\t\t\t<div class=\"elementor-element elementor-element-b9702db elementor-widget elementor-widget-text-editor\" data-id=\"b9702db\" data-element_type=\"widget\" data-e-type=\"widget\" data-widget_type=\"text-editor.default\">\n\t\t\t\t<div class=\"elementor-widget-container\">\n\t\t\t\t\t\t\t\t\t<p style=\"text-align: center;\">D\u00e9veloppez votre entreprise avec ProGolas.<\/p><p style=\"text-align: center;\">Notre blog B2B offre des conseils essentiels aux revendeurs de pergolas sur la vente, l&#039;installation et le marketing. Devenez partenaire d\u00e8s aujourd&#039;hui\u00a0!<\/p>\t\t\t\t\t\t\t\t<\/div>\n\t\t\t\t<\/div>\n\t\t\t\t\t<\/div>\n\t\t\t\t<\/div>\n\t\t<div class=\"elementor-element elementor-element-dfc540a e-flex e-con-boxed e-con e-parent\" data-id=\"dfc540a\" data-element_type=\"container\" data-e-type=\"container\">\n\t\t\t\t\t<div class=\"e-con-inner\">\n\t\t\t\t<div class=\"elementor-element elementor-element-ecfe8a9 elementor-grid-3 elementor-grid-tablet-2 elementor-grid-mobile-1 elementor-posts--thumbnail-top elementor-widget elementor-widget-posts\" data-id=\"ecfe8a9\" data-element_type=\"widget\" data-e-type=\"widget\" data-settings=\"{&quot;classic_columns&quot;:&quot;3&quot;,&quot;classic_columns_tablet&quot;:&quot;2&quot;,&quot;classic_columns_mobile&quot;:&quot;1&quot;,&quot;classic_row_gap&quot;:{&quot;unit&quot;:&quot;px&quot;,&quot;size&quot;:35,&quot;sizes&quot;:[]},&quot;classic_row_gap_tablet&quot;:{&quot;unit&quot;:&quot;px&quot;,&quot;size&quot;:&quot;&quot;,&quot;sizes&quot;:[]},&quot;classic_row_gap_mobile&quot;:{&quot;unit&quot;:&quot;px&quot;,&quot;size&quot;:&quot;&quot;,&quot;sizes&quot;:[]}}\" data-widget_type=\"posts.classic\">\n\t\t\t\t<div class=\"elementor-widget-container\">\n\t\t\t\t\t\t\t<div class=\"elementor-posts-container elementor-posts elementor-posts--skin-classic elementor-grid\" role=\"list\">\n\t\t\t\t<article class=\"elementor-post elementor-grid-item post-10704 post type-post status-publish format-standard has-post-thumbnail hentry category-b2b-resources\" role=\"listitem\">\n\t\t\t\t<a class=\"elementor-post__thumbnail__link\" href=\"https:\/\/progolas.com\/fr\/devenir-distributeur-de-programmes\/\" tabindex=\"-1\" >\n\t\t\t<div class=\"elementor-post__thumbnail\"><img fetchpriority=\"high\" decoding=\"async\" width=\"300\" height=\"258\" src=\"https:\/\/progolas.com\/wp-content\/uploads\/2025\/10\/U.S.-Region-e1761890285932-300x258.webp\" class=\"attachment-medium size-medium wp-image-10743\" alt=\"R\u00e9gion des \u00c9tats-Unis\" srcset=\"https:\/\/progolas.com\/wp-content\/uploads\/2025\/10\/U.S.-Region-e1761890285932-300x258.webp 300w, https:\/\/progolas.com\/wp-content\/uploads\/2025\/10\/U.S.-Region-e1761890285932-768x660.webp 768w, https:\/\/progolas.com\/wp-content\/uploads\/2025\/10\/U.S.-Region-e1761890285932-14x12.webp 14w, https:\/\/progolas.com\/wp-content\/uploads\/2025\/10\/U.S.-Region-e1761890285932.webp 1024w\" sizes=\"(max-width: 300px) 100vw, 300px\" \/><\/div>\n\t\t<\/a>\n\t\t\t\t<div class=\"elementor-post__text\">\n\t\t\t\t<h3 class=\"elementor-post__title\">\n\t\t\t<a href=\"https:\/\/progolas.com\/fr\/devenir-distributeur-de-programmes\/\" >\n\t\t\t\tDevenez distributeur Progolas \u2013 USA\t\t\t<\/a>\n\t\t<\/h3>\n\t\t\t\t<div class=\"elementor-post__meta-data\">\n\t\t\t\t\t<span class=\"elementor-post-date\">\n\t\t\t2025-10-31\t\t<\/span>\n\t\t\t\t<\/div>\n\t\t\t\t\t<div class=\"elementor-post__read-more-wrapper\">\n\t\t\n\t\t<a class=\"elementor-post__read-more\" href=\"https:\/\/progolas.com\/fr\/devenir-distributeur-de-programmes\/\" aria-label=\"En savoir plus sur Devenir Distributeur Progolas \u2013 USA\" tabindex=\"-1\" >\n\t\t\tEn savoir plus &quot;\t\t<\/a>\n\n\t\t\t\t\t<\/div>\n\t\t\t\t<\/div>\n\t\t\t\t<\/article>\n\t\t\t\t<article class=\"elementor-post elementor-grid-item post-10636 post type-post status-publish format-standard has-post-thumbnail hentry category-b2b-resources\" role=\"listitem\">\n\t\t\t\t<a class=\"elementor-post__thumbnail__link\" href=\"https:\/\/progolas.com\/fr\/guide-des-distributeurs-de-pergolas-en-aluminium\/\" tabindex=\"-1\" >\n\t\t\t<div class=\"elementor-post__thumbnail\"><img decoding=\"async\" width=\"300\" height=\"254\" src=\"https:\/\/progolas.com\/wp-content\/uploads\/2025\/10\/2025\u20132035-Upward-Trend-e1761876907795-300x254.webp\" class=\"attachment-medium size-medium wp-image-10712\" alt=\"2025-2035 : Tendance \u00e0 la hausse\" srcset=\"https:\/\/progolas.com\/wp-content\/uploads\/2025\/10\/2025\u20132035-Upward-Trend-e1761876907795-300x254.webp 300w, https:\/\/progolas.com\/wp-content\/uploads\/2025\/10\/2025\u20132035-Upward-Trend-e1761876907795-768x650.webp 768w, https:\/\/progolas.com\/wp-content\/uploads\/2025\/10\/2025\u20132035-Upward-Trend-e1761876907795-14x12.webp 14w, https:\/\/progolas.com\/wp-content\/uploads\/2025\/10\/2025\u20132035-Upward-Trend-e1761876907795.webp 1024w\" sizes=\"(max-width: 300px) 100vw, 300px\" \/><\/div>\n\t\t<\/a>\n\t\t\t\t<div class=\"elementor-post__text\">\n\t\t\t\t<h3 class=\"elementor-post__title\">\n\t\t\t<a href=\"https:\/\/progolas.com\/fr\/guide-des-distributeurs-de-pergolas-en-aluminium\/\" >\n\t\t\t\tGuide du distributeur de pergola en aluminium \u2013 Progolas (2025)\t\t\t<\/a>\n\t\t<\/h3>\n\t\t\t\t<div class=\"elementor-post__meta-data\">\n\t\t\t\t\t<span class=\"elementor-post-date\">\n\t\t\t2025-10-31\t\t<\/span>\n\t\t\t\t<\/div>\n\t\t\t\t\t<div class=\"elementor-post__read-more-wrapper\">\n\t\t\n\t\t<a class=\"elementor-post__read-more\" href=\"https:\/\/progolas.com\/fr\/guide-des-distributeurs-de-pergolas-en-aluminium\/\" aria-label=\"En savoir plus sur Guide du distributeur de pergola en aluminium \u2013 Progolas (2025)\" tabindex=\"-1\" >\n\t\t\tEn savoir plus &quot;\t\t<\/a>\n\n\t\t\t\t\t<\/div>\n\t\t\t\t<\/div>\n\t\t\t\t<\/article>\n\t\t\t\t<article class=\"elementor-post elementor-grid-item post-6011 post type-post status-publish format-standard has-post-thumbnail hentry category-b2b-resources category-b2c-resources\" role=\"listitem\">\n\t\t\t\t<a class=\"elementor-post__thumbnail__link\" href=\"https:\/\/progolas.com\/fr\/guide-dinstallation-de-pergola-2115\/\" tabindex=\"-1\" >\n\t\t\t<div class=\"elementor-post__thumbnail\"><img decoding=\"async\" width=\"300\" height=\"225\" src=\"https:\/\/progolas.com\/wp-content\/uploads\/2024\/08\/3-1-300x225.png\" class=\"attachment-medium size-medium wp-image-750\" alt=\"Guide d&#039;installation de la pergola\" srcset=\"https:\/\/progolas.com\/wp-content\/uploads\/2024\/08\/3-1-300x225.png 300w, https:\/\/progolas.com\/wp-content\/uploads\/2024\/08\/3-1-768x576.png 768w, https:\/\/progolas.com\/wp-content\/uploads\/2024\/08\/3-1-600x450.png 600w, https:\/\/progolas.com\/wp-content\/uploads\/2024\/08\/3-1.png 840w\" sizes=\"(max-width: 300px) 100vw, 300px\" \/><\/div>\n\t\t<\/a>\n\t\t\t\t<div class=\"elementor-post__text\">\n\t\t\t\t<h3 class=\"elementor-post__title\">\n\t\t\t<a href=\"https:\/\/progolas.com\/fr\/guide-dinstallation-de-pergola-2115\/\" >\n\t\t\t\tGuide d&#039;installation de la pergola Progolas-2115\t\t\t<\/a>\n\t\t<\/h3>\n\t\t\t\t<div class=\"elementor-post__meta-data\">\n\t\t\t\t\t<span class=\"elementor-post-date\">\n\t\t\t2025-09-12\t\t<\/span>\n\t\t\t\t<\/div>\n\t\t\t\t\t<div class=\"elementor-post__read-more-wrapper\">\n\t\t\n\t\t<a class=\"elementor-post__read-more\" href=\"https:\/\/progolas.com\/fr\/guide-dinstallation-de-pergola-2115\/\" aria-label=\"En savoir plus sur Guide d&#039;installation de la pergola Progolas-2115\" tabindex=\"-1\" >\n\t\t\tEn savoir plus &quot;\t\t<\/a>\n\n\t\t\t\t\t<\/div>\n\t\t\t\t<\/div>\n\t\t\t\t<\/article>\n\t\t\t\t<article class=\"elementor-post elementor-grid-item post-7458 post type-post status-publish format-standard has-post-thumbnail hentry category-b2b-resources category-b2c-resources\" role=\"listitem\">\n\t\t\t\t<a class=\"elementor-post__thumbnail__link\" href=\"https:\/\/progolas.com\/fr\/comment-importer-une-pergola-et-la-dedouaner-un-guide-etape-par-etape-pour-les-nouveaux-acheteurs\/\" tabindex=\"-1\" >\n\t\t\t<div class=\"elementor-post__thumbnail\"><img loading=\"lazy\" decoding=\"async\" width=\"300\" height=\"200\" src=\"https:\/\/progolas.com\/wp-content\/uploads\/2025\/07\/courier-industry-term-customs-clearance-clearance-cargo-border-upon-delivery-including-taxes-300x200.jpg\" class=\"attachment-medium size-medium wp-image-7465\" alt=\"D\u00e9douanement dans le secteur de la messagerie. D\u00e9douanement des marchandises \u00e0 la fronti\u00e8re lors de la livraison, taxes comprises.\" srcset=\"https:\/\/progolas.com\/wp-content\/uploads\/2025\/07\/courier-industry-term-customs-clearance-clearance-cargo-border-upon-delivery-including-taxes-300x200.jpg 300w, https:\/\/progolas.com\/wp-content\/uploads\/2025\/07\/courier-industry-term-customs-clearance-clearance-cargo-border-upon-delivery-including-taxes-1024x683.jpg 1024w, https:\/\/progolas.com\/wp-content\/uploads\/2025\/07\/courier-industry-term-customs-clearance-clearance-cargo-border-upon-delivery-including-taxes-768x512.jpg 768w, https:\/\/progolas.com\/wp-content\/uploads\/2025\/07\/courier-industry-term-customs-clearance-clearance-cargo-border-upon-delivery-including-taxes-1536x1024.jpg 1536w, https:\/\/progolas.com\/wp-content\/uploads\/2025\/07\/courier-industry-term-customs-clearance-clearance-cargo-border-upon-delivery-including-taxes-2048x1365.jpg 2048w, https:\/\/progolas.com\/wp-content\/uploads\/2025\/07\/courier-industry-term-customs-clearance-clearance-cargo-border-upon-delivery-including-taxes-18x12.jpg 18w\" sizes=\"(max-width: 300px) 100vw, 300px\" \/><\/div>\n\t\t<\/a>\n\t\t\t\t<div class=\"elementor-post__text\">\n\t\t\t\t<h3 class=\"elementor-post__title\">\n\t\t\t<a href=\"https:\/\/progolas.com\/fr\/comment-importer-une-pergola-et-la-dedouaner-un-guide-etape-par-etape-pour-les-nouveaux-acheteurs\/\" >\n\t\t\t\tComment importer une pergola et la d\u00e9douaner\u00a0: un guide \u00e9tape par \u00e9tape pour les nouveaux acheteurs\t\t\t<\/a>\n\t\t<\/h3>\n\t\t\t\t<div class=\"elementor-post__meta-data\">\n\t\t\t\t\t<span class=\"elementor-post-date\">\n\t\t\t2025-07-21\t\t<\/span>\n\t\t\t\t<\/div>\n\t\t\t\t\t<div class=\"elementor-post__read-more-wrapper\">\n\t\t\n\t\t<a class=\"elementor-post__read-more\" href=\"https:\/\/progolas.com\/fr\/comment-importer-une-pergola-et-la-dedouaner-un-guide-etape-par-etape-pour-les-nouveaux-acheteurs\/\" aria-label=\"En savoir plus sur Comment importer une pergola et la d\u00e9douaner\u00a0: un guide \u00e9tape par \u00e9tape pour les nouveaux acheteurs\" tabindex=\"-1\" >\n\t\t\tEn savoir plus &quot;\t\t<\/a>\n\n\t\t\t\t\t<\/div>\n\t\t\t\t<\/div>\n\t\t\t\t<\/article>\n\t\t\t\t<article class=\"elementor-post elementor-grid-item post-7296 post type-post status-publish format-standard has-post-thumbnail hentry category-b2b-resources\" role=\"listitem\">\n\t\t\t\t<a class=\"elementor-post__thumbnail__link\" href=\"https:\/\/progolas.com\/fr\/systeme-de-pergola-pour-les-constructeurs-reduisant-les-couts-et-augmentant-lefficacite\/\" tabindex=\"-1\" >\n\t\t\t<div class=\"elementor-post__thumbnail\"><img loading=\"lazy\" decoding=\"async\" width=\"300\" height=\"225\" src=\"https:\/\/progolas.com\/wp-content\/uploads\/2025\/07\/1-4-300x225.png\" class=\"attachment-medium size-medium wp-image-7375\" alt=\"Syst\u00e8me de pergola pour les constructeurs\" srcset=\"https:\/\/progolas.com\/wp-content\/uploads\/2025\/07\/1-4-300x225.png 300w, https:\/\/progolas.com\/wp-content\/uploads\/2025\/07\/1-4-1024x768.png 1024w, https:\/\/progolas.com\/wp-content\/uploads\/2025\/07\/1-4-768x576.png 768w, https:\/\/progolas.com\/wp-content\/uploads\/2025\/07\/1-4-16x12.png 16w, https:\/\/progolas.com\/wp-content\/uploads\/2025\/07\/1-4.png 1536w\" sizes=\"(max-width: 300px) 100vw, 300px\" \/><\/div>\n\t\t<\/a>\n\t\t\t\t<div class=\"elementor-post__text\">\n\t\t\t\t<h3 class=\"elementor-post__title\">\n\t\t\t<a href=\"https:\/\/progolas.com\/fr\/systeme-de-pergola-pour-les-constructeurs-reduisant-les-couts-et-augmentant-lefficacite\/\" >\n\t\t\t\tSyst\u00e8me de pergola en aluminium pour les constructeurs\u00a0: une solution intelligente pour gagner du temps, de l&#039;argent et r\u00e9duire le stress\t\t\t<\/a>\n\t\t<\/h3>\n\t\t\t\t<div class=\"elementor-post__meta-data\">\n\t\t\t\t\t<span class=\"elementor-post-date\">\n\t\t\t2025-07-14\t\t<\/span>\n\t\t\t\t<\/div>\n\t\t\t\t\t<div class=\"elementor-post__read-more-wrapper\">\n\t\t\n\t\t<a class=\"elementor-post__read-more\" href=\"https:\/\/progolas.com\/fr\/systeme-de-pergola-pour-les-constructeurs-reduisant-les-couts-et-augmentant-lefficacite\/\" aria-label=\"En savoir plus sur le syst\u00e8me de pergola en aluminium pour les constructeurs\u00a0: une fa\u00e7on intelligente d&#039;\u00e9conomiser du temps, de l&#039;argent et du stress\" tabindex=\"-1\" >\n\t\t\tEn savoir plus &quot;\t\t<\/a>\n\n\t\t\t\t\t<\/div>\n\t\t\t\t<\/div>\n\t\t\t\t<\/article>\n\t\t\t\t<\/div>\n\t\t\n\t\t\t\t\t\t<\/div>\n\t\t\t\t<\/div>\n\t\t\t\t\t<\/div>\n\t\t\t\t<\/div>\n\t\t\t\t<\/div>","protected":false},"excerpt":{"rendered":"<p>Ressources pour les grossistes et revendeurs de pergolas | ProGolas B2B D\u00e9veloppez votre activit\u00e9 avec ProGolas. Notre blog B2B offre des conseils essentiels aux revendeurs de pergolas sur la vente, l&#039;installation,<\/p>","protected":false},"author":1,"featured_media":0,"parent":0,"menu_order":0,"comment_status":"closed","ping_status":"closed","template":"","meta":{"_acf_changed":false,"footnotes":""},"class_list":["post-9289","page","type-page","status-publish","hentry"],"acf":[],"_links":{"self":[{"href":"https:\/\/progolas.com\/fr\/wp-json\/wp\/v2\/pages\/9289","targetHints":{"allow":["GET"]}}],"collection":[{"href":"https:\/\/progolas.com\/fr\/wp-json\/wp\/v2\/pages"}],"about":[{"href":"https:\/\/progolas.com\/fr\/wp-json\/wp\/v2\/types\/page"}],"author":[{"embeddable":true,"href":"https:\/\/progolas.com\/fr\/wp-json\/wp\/v2\/users\/1"}],"replies":[{"embeddable":true,"href":"https:\/\/progolas.com\/fr\/wp-json\/wp\/v2\/comments?post=9289"}],"version-history":[{"count":0,"href":"https:\/\/progolas.com\/fr\/wp-json\/wp\/v2\/pages\/9289\/revisions"}],"wp:attachment":[{"href":"https:\/\/progolas.com\/fr\/wp-json\/wp\/v2\/media?parent=9289"}],"curies":[{"name":"wp","href":"https:\/\/api.w.org\/{rel}","templated":true}]}}