{"id":8128,"date":"2025-09-16T15:43:51","date_gmt":"2025-09-16T07:43:51","guid":{"rendered":"https:\/\/progolas.com\/?page_id=8128"},"modified":"2025-09-16T15:53:36","modified_gmt":"2025-09-16T07:53:36","slug":"analise-de-tendencias-de-mercado-progolas","status":"publish","type":"page","link":"https:\/\/progolas.com\/pt\/analise-de-tendencias-de-mercado-progolas\/","title":{"rendered":"An\u00e1lise de tend\u00eancias de mercado"},"content":{"rendered":"<div data-elementor-type=\"wp-page\" data-elementor-id=\"8128\" class=\"elementor elementor-8128\" data-elementor-post-type=\"page\">\n\t\t\t\t<div class=\"elementor-element elementor-element-06b88fc e-flex e-con-boxed e-con e-parent\" data-id=\"06b88fc\" data-element_type=\"container\" data-e-type=\"container\" data-settings=\"{&quot;background_background&quot;:&quot;classic&quot;}\">\n\t\t\t\t\t<div class=\"e-con-inner\">\n\t\t\t\t<div class=\"elementor-element elementor-element-74330ac elementor-widget elementor-widget-heading\" data-id=\"74330ac\" data-element_type=\"widget\" data-e-type=\"widget\" data-widget_type=\"heading.default\">\n\t\t\t\t<div class=\"elementor-widget-container\">\n\t\t\t\t\t<h2 class=\"elementor-heading-title elementor-size-default\">An\u00e1lise de tend\u00eancias de mercado | ProGolas<\/h2>\t\t\t\t<\/div>\n\t\t\t\t<\/div>\n\t\t\t\t<div class=\"elementor-element elementor-element-282a8f9 elementor-widget elementor-widget-text-editor\" data-id=\"282a8f9\" data-element_type=\"widget\" data-e-type=\"widget\" data-widget_type=\"text-editor.default\">\n\t\t\t\t<div class=\"elementor-widget-container\">\n\t\t\t\t\t\t\t\t\t<p style=\"text-align: center;\">Explore uma an\u00e1lise aprofundada da ind\u00fastria global de p\u00e9rgolas.<\/p><p style=\"text-align: center;\">Descubra as \u00faltimas tend\u00eancias, designs sustent\u00e1veis e previs\u00f5es de mercado dos especialistas da ProGolas.<\/p>\t\t\t\t\t\t\t\t<\/div>\n\t\t\t\t<\/div>\n\t\t\t\t\t<\/div>\n\t\t\t\t<\/div>\n\t\t<div class=\"elementor-element elementor-element-94e555b e-flex e-con-boxed e-con e-parent\" data-id=\"94e555b\" data-element_type=\"container\" data-e-type=\"container\">\n\t\t\t\t\t<div class=\"e-con-inner\">\n\t\t\t\t<div class=\"elementor-element elementor-element-b8b4962 elementor-grid-3 elementor-grid-tablet-2 elementor-grid-mobile-1 elementor-posts--thumbnail-top elementor-widget elementor-widget-posts\" data-id=\"b8b4962\" data-element_type=\"widget\" data-e-type=\"widget\" data-settings=\"{&quot;classic_columns&quot;:&quot;3&quot;,&quot;classic_columns_tablet&quot;:&quot;2&quot;,&quot;classic_columns_mobile&quot;:&quot;1&quot;,&quot;classic_row_gap&quot;:{&quot;unit&quot;:&quot;px&quot;,&quot;size&quot;:35,&quot;sizes&quot;:[]},&quot;classic_row_gap_tablet&quot;:{&quot;unit&quot;:&quot;px&quot;,&quot;size&quot;:&quot;&quot;,&quot;sizes&quot;:[]},&quot;classic_row_gap_mobile&quot;:{&quot;unit&quot;:&quot;px&quot;,&quot;size&quot;:&quot;&quot;,&quot;sizes&quot;:[]}}\" data-widget_type=\"posts.classic\">\n\t\t\t\t<div class=\"elementor-widget-container\">\n\t\t\t\t\t\t\t<div class=\"elementor-posts-container elementor-posts elementor-posts--skin-classic elementor-grid\" role=\"list\">\n\t\t\t\t<article class=\"elementor-post elementor-grid-item post-6480 post type-post status-publish format-standard has-post-thumbnail hentry category-market-analysis-reports\" role=\"listitem\">\n\t\t\t\t<a class=\"elementor-post__thumbnail__link\" href=\"https:\/\/progolas.com\/pt\/relatorio-de-pesquisa-e-analise-de-mercado-de-sombreamento-externo-na-arabia-saudita-2025-2030\/\" tabindex=\"-1\" >\n\t\t\t<div class=\"elementor-post__thumbnail\"><img fetchpriority=\"high\" decoding=\"async\" width=\"300\" height=\"225\" src=\"https:\/\/progolas.com\/wp-content\/uploads\/2025\/06\/\u98ce3-300x225.jpg\" class=\"attachment-medium size-medium wp-image-6717\" alt=\"3\" srcset=\"https:\/\/progolas.com\/wp-content\/uploads\/2025\/06\/\u98ce3-300x225.jpg 300w, https:\/\/progolas.com\/wp-content\/uploads\/2025\/06\/\u98ce3-1024x768.jpg 1024w, https:\/\/progolas.com\/wp-content\/uploads\/2025\/06\/\u98ce3-768x576.jpg 768w, https:\/\/progolas.com\/wp-content\/uploads\/2025\/06\/\u98ce3-1536x1152.jpg 1536w, https:\/\/progolas.com\/wp-content\/uploads\/2025\/06\/\u98ce3-2048x1536.jpg 2048w, https:\/\/progolas.com\/wp-content\/uploads\/2025\/06\/\u98ce3-16x12.jpg 16w\" sizes=\"(max-width: 300px) 100vw, 300px\" \/><\/div>\n\t\t<\/a>\n\t\t\t\t<div class=\"elementor-post__text\">\n\t\t\t\t<h3 class=\"elementor-post__title\">\n\t\t\t<a href=\"https:\/\/progolas.com\/pt\/relatorio-de-pesquisa-e-analise-de-mercado-de-sombreamento-externo-na-arabia-saudita-2025-2030\/\" >\n\t\t\t\tRelat\u00f3rio de Pesquisa de Mercado e Previs\u00e3o de Tend\u00eancias da Ind\u00fastria de Protetores Solares da Ar\u00e1bia Saudita (2025-2030)\t\t\t<\/a>\n\t\t<\/h3>\n\t\t\t\t<div class=\"elementor-post__meta-data\">\n\t\t\t\t\t<span class=\"elementor-post-date\">\n\t\t\t2025-06-22\t\t<\/span>\n\t\t\t\t<\/div>\n\t\t\t\t\t<div class=\"elementor-post__read-more-wrapper\">\n\t\t\n\t\t<a class=\"elementor-post__read-more\" href=\"https:\/\/progolas.com\/pt\/relatorio-de-pesquisa-e-analise-de-mercado-de-sombreamento-externo-na-arabia-saudita-2025-2030\/\" aria-label=\"Leia mais sobre o Relat\u00f3rio de Pesquisa de Mercado e Previs\u00e3o de Tend\u00eancias da Ind\u00fastria de Protetores Solares da Ar\u00e1bia Saudita (2025\u20132030)\" tabindex=\"-1\" >\n\t\t\tLer mais \u00bb\t\t<\/a>\n\n\t\t\t\t\t<\/div>\n\t\t\t\t<\/div>\n\t\t\t\t<\/article>\n\t\t\t\t<article class=\"elementor-post elementor-grid-item post-6455 post type-post status-publish format-standard has-post-thumbnail hentry category-market-analysis-reports\" role=\"listitem\">\n\t\t\t\t<a class=\"elementor-post__thumbnail__link\" href=\"https:\/\/progolas.com\/pt\/tendencias-do-mercado-de-guarda-sois-no-canada-2025-2030\/\" tabindex=\"-1\" >\n\t\t\t<div class=\"elementor-post__thumbnail\"><img decoding=\"async\" width=\"300\" height=\"200\" src=\"https:\/\/progolas.com\/wp-content\/uploads\/2025\/06\/bioclimatic-pergola-contemporary-aluminium-300x200.jpg\" class=\"attachment-medium size-medium wp-image-5656\" alt=\"p\u00e9rgola bioclim\u00e1tica contempor\u00e2nea de alum\u00ednio\" srcset=\"https:\/\/progolas.com\/wp-content\/uploads\/2025\/06\/bioclimatic-pergola-contemporary-aluminium-300x200.jpg 300w, https:\/\/progolas.com\/wp-content\/uploads\/2025\/06\/bioclimatic-pergola-contemporary-aluminium-1024x683.jpg 1024w, https:\/\/progolas.com\/wp-content\/uploads\/2025\/06\/bioclimatic-pergola-contemporary-aluminium-768x512.jpg 768w, https:\/\/progolas.com\/wp-content\/uploads\/2025\/06\/bioclimatic-pergola-contemporary-aluminium-1536x1024.jpg 1536w, https:\/\/progolas.com\/wp-content\/uploads\/2025\/06\/bioclimatic-pergola-contemporary-aluminium.jpg 1600w\" sizes=\"(max-width: 300px) 100vw, 300px\" \/><\/div>\n\t\t<\/a>\n\t\t\t\t<div class=\"elementor-post__text\">\n\t\t\t\t<h3 class=\"elementor-post__title\">\n\t\t\t<a href=\"https:\/\/progolas.com\/pt\/tendencias-do-mercado-de-guarda-sois-no-canada-2025-2030\/\" >\n\t\t\t\tRelat\u00f3rio de Pesquisa de Mercado e Previs\u00e3o de Tend\u00eancias da Ind\u00fastria de Protetores Solares do Canad\u00e1 (2025-2030)\t\t\t<\/a>\n\t\t<\/h3>\n\t\t\t\t<div class=\"elementor-post__meta-data\">\n\t\t\t\t\t<span class=\"elementor-post-date\">\n\t\t\t2025-06-21\t\t<\/span>\n\t\t\t\t<\/div>\n\t\t\t\t\t<div class=\"elementor-post__read-more-wrapper\">\n\t\t\n\t\t<a class=\"elementor-post__read-more\" href=\"https:\/\/progolas.com\/pt\/tendencias-do-mercado-de-guarda-sois-no-canada-2025-2030\/\" aria-label=\"Leia mais sobre o Relat\u00f3rio de Pesquisa de Mercado e Previs\u00e3o de Tend\u00eancias da Ind\u00fastria de Protetores Solares do Canad\u00e1 (2025\u20132030)\" tabindex=\"-1\" >\n\t\t\tLer mais \u00bb\t\t<\/a>\n\n\t\t\t\t\t<\/div>\n\t\t\t\t<\/div>\n\t\t\t\t<\/article>\n\t\t\t\t<article class=\"elementor-post elementor-grid-item post-5061 post type-post status-publish format-standard has-post-thumbnail hentry category-market-analysis-reports\" role=\"listitem\">\n\t\t\t\t<a class=\"elementor-post__thumbnail__link\" href=\"https:\/\/progolas.com\/pt\/relatorio-de-previsao-de-tendencias-de-pesquisa-de-mercado-da-industria-de-guarda-sois-dos-eua-para-2025-2030\/\" tabindex=\"-1\" >\n\t\t\t<div class=\"elementor-post__thumbnail\"><img decoding=\"async\" width=\"300\" height=\"225\" src=\"https:\/\/progolas.com\/wp-content\/uploads\/2025\/05\/lQDPJw00cLgAkLfNBQDNBquwL7dw6UrfXKEGoxcTaNIlAA_1707_1280-300x225.jpg\" class=\"attachment-medium size-medium wp-image-4980\" alt=\"p\u00e9rgola el\u00e9trica no p\u00e1tio da casa\" srcset=\"https:\/\/progolas.com\/wp-content\/uploads\/2025\/05\/lQDPJw00cLgAkLfNBQDNBquwL7dw6UrfXKEGoxcTaNIlAA_1707_1280-300x225.jpg 300w, https:\/\/progolas.com\/wp-content\/uploads\/2025\/05\/lQDPJw00cLgAkLfNBQDNBquwL7dw6UrfXKEGoxcTaNIlAA_1707_1280-1024x768.jpg 1024w, https:\/\/progolas.com\/wp-content\/uploads\/2025\/05\/lQDPJw00cLgAkLfNBQDNBquwL7dw6UrfXKEGoxcTaNIlAA_1707_1280-768x576.jpg 768w, https:\/\/progolas.com\/wp-content\/uploads\/2025\/05\/lQDPJw00cLgAkLfNBQDNBquwL7dw6UrfXKEGoxcTaNIlAA_1707_1280-1536x1152.jpg 1536w, https:\/\/progolas.com\/wp-content\/uploads\/2025\/05\/lQDPJw00cLgAkLfNBQDNBquwL7dw6UrfXKEGoxcTaNIlAA_1707_1280.jpg 1707w\" sizes=\"(max-width: 300px) 100vw, 300px\" \/><\/div>\n\t\t<\/a>\n\t\t\t\t<div class=\"elementor-post__text\">\n\t\t\t\t<h3 class=\"elementor-post__title\">\n\t\t\t<a href=\"https:\/\/progolas.com\/pt\/relatorio-de-previsao-de-tendencias-de-pesquisa-de-mercado-da-industria-de-guarda-sois-dos-eua-para-2025-2030\/\" >\n\t\t\t\tRelat\u00f3rio de Pesquisa de Mercado e Previs\u00e3o de Tend\u00eancias da Ind\u00fastria de Protetores Solares dos EUA (2025\u20132030)\t\t\t<\/a>\n\t\t<\/h3>\n\t\t\t\t<div class=\"elementor-post__meta-data\">\n\t\t\t\t\t<span class=\"elementor-post-date\">\n\t\t\t2025-05-20\t\t<\/span>\n\t\t\t\t<\/div>\n\t\t\t\t\t<div class=\"elementor-post__read-more-wrapper\">\n\t\t\n\t\t<a class=\"elementor-post__read-more\" href=\"https:\/\/progolas.com\/pt\/relatorio-de-previsao-de-tendencias-de-pesquisa-de-mercado-da-industria-de-guarda-sois-dos-eua-para-2025-2030\/\" aria-label=\"Leia mais sobre o Relat\u00f3rio de Pesquisa de Mercado e Previs\u00e3o de Tend\u00eancias da Ind\u00fastria de Protetores Solares dos EUA (2025\u20132030)\" tabindex=\"-1\" >\n\t\t\tLer mais \u00bb\t\t<\/a>\n\n\t\t\t\t\t<\/div>\n\t\t\t\t<\/div>\n\t\t\t\t<\/article>\n\t\t\t\t<\/div>\n\t\t\n\t\t\t\t\t\t<\/div>\n\t\t\t\t<\/div>\n\t\t\t\t\t<\/div>\n\t\t\t\t<\/div>\n\t\t\t\t<\/div>","protected":false},"excerpt":{"rendered":"<p>An\u00e1lise de Tend\u00eancias de Mercado | ProGolas Explore uma an\u00e1lise aprofundada da ind\u00fastria global de p\u00e9rgolas. Descubra as \u00faltimas tend\u00eancias, designs sustent\u00e1veis e previs\u00f5es de mercado dos especialistas.<\/p>","protected":false},"author":1,"featured_media":0,"parent":0,"menu_order":0,"comment_status":"closed","ping_status":"closed","template":"","meta":{"_acf_changed":false,"footnotes":""},"class_list":["post-8128","page","type-page","status-publish","hentry"],"acf":[],"_links":{"self":[{"href":"https:\/\/progolas.com\/pt\/wp-json\/wp\/v2\/pages\/8128","targetHints":{"allow":["GET"]}}],"collection":[{"href":"https:\/\/progolas.com\/pt\/wp-json\/wp\/v2\/pages"}],"about":[{"href":"https:\/\/progolas.com\/pt\/wp-json\/wp\/v2\/types\/page"}],"author":[{"embeddable":true,"href":"https:\/\/progolas.com\/pt\/wp-json\/wp\/v2\/users\/1"}],"replies":[{"embeddable":true,"href":"https:\/\/progolas.com\/pt\/wp-json\/wp\/v2\/comments?post=8128"}],"version-history":[{"count":0,"href":"https:\/\/progolas.com\/pt\/wp-json\/wp\/v2\/pages\/8128\/revisions"}],"wp:attachment":[{"href":"https:\/\/progolas.com\/pt\/wp-json\/wp\/v2\/media?parent=8128"}],"curies":[{"name":"wp","href":"https:\/\/api.w.org\/{rel}","templated":true}]}}